{"id":9,"date":"2015-12-15T07:37:33","date_gmt":"2015-12-15T05:37:33","guid":{"rendered":"http:\/\/consulting.stylemixthemes.com\/?page_id=9"},"modified":"2020-10-18T22:14:19","modified_gmt":"2020-10-18T19:14:19","slug":"hakkimizda","status":"publish","type":"page","link":"https:\/\/meshweld.com\/tr\/hakkimizda\/","title":{"rendered":"Hakk\u0131m\u0131zda"},"content":{"rendered":"<p>[vc_row css=&#8221;.vc_custom_1451991003825{margin-bottom: 100px !important;}&#8221;][vc_column width=&#8221;1\/4&#8243; offset=&#8221;vc_col-lg-9 vc_col-md-9&#8243;][vc_column_text]<\/p>\n<h3>Hakk\u0131m\u0131zda<\/h3>\n<p>[\/vc_column_text][vc_row_inner][vc_column_inner width=&#8221;1\/2&#8243;][vc_single_image image=&#8221;9177&#8243; img_size=&#8221;medium&#8221; alignment=&#8221;center&#8221;][\/vc_column_inner][vc_column_inner width=&#8221;1\/2&#8243;][vc_column_text css=&#8221;.vc_custom_1603045226744{margin-bottom: 25px !important;}&#8221;]<\/p>\n<div>\n<p>2004 y\u0131l\u0131nda Otomasyon sekt\u00f6r\u00fcnde hizmet vermek amac\u0131 ile kurulan firmam\u0131z kuruldu\u011fu g\u00fcnden bu yana end\u00fcstriyel otomasyon ve makine imalat\u0131 projelerinde g\u00f6rev almaktad\u0131r.<\/p>\n<p>2006 y\u0131l\u0131ndan beri \u00e7elik has\u0131r kaynak makinalar\u0131 \u00fcreten partnerimizi b\u00fcnyemize katarak tescilli markam\u0131z olan <strong>MESHWELD<\/strong> ile ba\u015fta T\u00fcrkiye ve Ortado\u011fu olmak \u00fczere bir\u00e7ok \u00fclkeye ihracat yapmaktay\u0131z.<\/p>\n<p>Tasar\u0131m, imalat, otomasyon ve servis b\u00f6l\u00fcmlerini b\u00fcnyesinde bar\u0131nd\u0131ran \u015firketimiz uzman ve deneyimli kadrosu ile anahtar teslim \u00e7elik has\u0131r fabrikas\u0131 kurulumu yapmaktad\u0131r.<\/p><\/div>\n<p>[\/vc_column_text][\/vc_column_inner][\/vc_row_inner][vc_column_text css=&#8221;.vc_custom_1601887639724{margin-bottom: 34px !important;}&#8221;]<\/p>\n<blockquote>\n<p>SPD m\u00fc\u015fterilerimizin bize duydu\u011fu g\u00fcven sayesinde her ge\u00e7en g\u00fcn b\u00fcy\u00fcmeye devam ediyor. Global tedarik\u00e7iler, kaliteli \u00fcretim ve h\u0131zl\u0131 teknik destek ile her zaman yan\u0131n\u0131zday\u0131z.<\/p>\n<\/blockquote>\n<p>[\/vc_column_text][vc_row_inner][vc_column_inner width=&#8221;1\/2&#8243;][vc_custom_heading text=&#8221;Yakla\u015f\u0131m\u0131m\u0131z&#8221; font_container=&#8221;tag:h4|text_align:left|color:%23222222&#8243; use_theme_fonts=&#8221;yes&#8221; css=&#8221;.vc_custom_1601554058090{margin-bottom: 15px !important;}&#8221; el_class=&#8221;no_stripe&#8221;][vc_column_text]<\/p>\n<ul>\n<li>M\u00fc\u015fterilerimiz; bizim i\u00e7in de\u011ferlerimizi temsil eden, ya\u015fatan \u00f6nceliklerimizdir.<\/li>\n<li>De\u011ferlerimize ba\u011fl\u0131 \u00e7al\u0131\u015fma \u015feklimiz ile kalitemizi ve g\u00fcvenilirli\u011fimizi s\u00fcrd\u00fcrebilmek i\u00e7in kendimizi geli\u015ftirmeye devam ediyor, e\u011fitime \u00f6nem veriyoruz.<\/li>\n<li>Sat\u0131n alm\u0131\u015f oldu\u011funuz makinelere, biz halen makinelerimiz diyoruz.<\/li>\n<\/ul>\n<p>[\/vc_column_text][stm_spacing sm_spacing=&#8221;60&#8243; xs_spacing=&#8221;60&#8243; lg_spacing=&#8221;60&#8243; md_spacing=&#8221;60&#8243;][\/vc_column_inner][vc_column_inner width=&#8221;1\/2&#8243;][vc_video link=&#8221;https:\/\/www.youtube.com\/embed\/4x_VKAYP7RY?rel=0&#8243; img_size=&#8221;large&#8221; size=&#8221;500&#8243; height_size=&#8221;270&#8243;][\/vc_column_inner][\/vc_row_inner][vc_column_text]<\/p>\n<h3>Tarih\u00e7emiz<\/h3>\n<p>[\/vc_column_text][stm_company_history title=&#8221;Tarih\u00e7emiz&#8221;][stm_company_history_item year=&#8221;2004&#8243; title=&#8221;Ticari Hayat Ba\u015flang\u0131c\u0131&#8221; description=&#8221;Yaz\u0131l\u0131m, pano imalat\u0131 ve saha montaj konular\u0131nda, makine imalat\u00e7\u0131lar\u0131 ve fabrikalar\u0131n eski makinelerinin revizyonlar\u0131 i\u00e7in otomasyon sekt\u00f6r\u00fcnde hizmet verilmeye ba\u015flanm\u0131\u015ft\u0131r.<\/p>\n<p>B\u00f6lgemizde yapt\u0131\u011f\u0131m\u0131z i\u015flerin kalitesi ile \u00f6zellikle beyaz e\u015fya \u00fcretim ve d\u00f6k\u00fcm sekt\u00f6r\u00fcnde tercih edilen bir otomasyon \u015firketi olmaya ba\u015flanm\u0131\u015ft\u0131r.<\/p>\n<p>Yurti\u00e7i ve yurtd\u0131\u015f\u0131 anahtar teslim fabrika otomasyonu projeleri ba\u015far\u0131 ile teslim edilirken, 50 adet servo motorun senkronize olarak \u00e7al\u0131\u015ft\u0131\u011f\u0131 hat otomasyonu tecr\u00fcbeleri kazan\u0131lm\u0131\u015ft\u0131r.&#8221;][stm_company_history_item year=&#8221;2014&#8243; title=&#8221;\u00c7elik Has\u0131r Kaynak Makinesi ile Tan\u0131\u015fmam\u0131z&#8221; description=&#8221;Makinenin elektrik projesi, pano imalat\u0131, makine \u00fczeri saha montaj\u0131, kurulum yerinde devreye al\u0131nmas\u0131,<br \/>\notomasyon yaz\u0131l\u0131m\u0131, yerinde ve uzaktan ba\u011flant\u0131 ile servis hizmeti verilmeye ba\u015flanm\u0131\u015ft\u0131r.&#8221;][stm_company_history_item year=&#8221;2015&#8243; title=&#8221;Bihl+Wiedemann T\u00fcrkiye Distrib\u00fct\u00f6rl\u00fc\u011f\u00fc&#8221; description=&#8221;Otomasyon projelerimizde uzun s\u00fcredir kulland\u0131\u011f\u0131m\u0131z As-interface \u00fcr\u00fcnlerinin \u00fcreticisi olan Alman markas\u0131<br \/>\nBihl+Wiedemann ile T\u00fcrkiye Distrib\u00fct\u00f6rl\u00fc\u011f\u00fc konusunda anla\u015f\u0131lm\u0131\u015ft\u0131r. \u00dcr\u00fcn sat\u0131\u015f\u0131 ve teknik deste\u011fi firmam\u0131z<br \/>\ntaraf\u0131ndan sa\u011flanmaktad\u0131r.&#8221;][stm_company_history_item year=&#8221;2015&#8243; title=&#8221;SPD Tescilli Markam\u0131z&#8221; description=&#8221;Otomasyon sekt\u00f6r\u00fcnde ki ba\u015far\u0131s\u0131 ve kurumsal kimli\u011fi ile \u00f6n plana \u00e7\u0131kan \u015firketimizin marka tescili<br \/>\nSPD olarak yap\u0131lm\u0131\u015ft\u0131r. Art\u0131k SPD otomasyon hizmet sekt\u00f6r\u00fcnde bir markad\u0131r.&#8221;][stm_company_history_item year=&#8221;2016&#8243; title=&#8221;Yeni Fabrikam\u0131z Yeni Makinemiz&#8221; description=&#8221;Yakla\u015f\u0131k 3 senedir otomasyon hizmeti verdi\u011fimiz \u00c7elik Has\u0131r Kaynak Makinesi imalat\u0131na ba\u015flamak i\u00e7in 3000m\u00b2<br \/>\nkapal\u0131 alan\u0131 olan Manisa Muradiye Organize Sanayi B\u00f6lgesindeki yeni fabrikam\u0131za ta\u015f\u0131nd\u0131k. SPD otomasyon sekt\u00f6r\u00fcnde ki kalitesini \u00c7elik Has\u0131r Kaynak Makinesi imalat\u0131 ile tam olarak birle\u015ftirmi\u015ftir.&#8221;][stm_company_history_item year=&#8221;2017&#8243; title=&#8221;CAN\u0130AS ERP Sistemine Ge\u00e7i\u015f&#8221; description=&#8221;Makine imalat\u0131 ile personel say\u0131s\u0131 artan, \u00fcretim alan\u0131 i\u00e7erisinde makine ve tezgahlar\u0131n oldu\u011fu fabrikam\u0131zda<br \/>\nSat\u0131\u015f, Sat\u0131n alma,\u0130malat, Depo, Sevkiyat, Muhasebe, Finans departmanlar\u0131n\u0131n dahil oldu\u011fu ERP sistemimiz devre al\u0131nm\u0131\u015ft\u0131r. G\u00fcn\u00fcm\u00fczde geli\u015ftirilmeye devam etmektedir.&#8221;][stm_company_history_item year=&#8221;2017&#8243; title=&#8221;MESHWELD Tescilli Markam\u0131z&#8221; description=&#8221;\u00c7elik Has\u0131r Kaynak Makinesi imalat\u0131na ba\u015fland\u0131\u011f\u0131 gibi makine \u00fczerinde ARGE \u00e7al\u0131\u015fmalar\u0131na \u00f6nem verilmi\u015ftir.<br \/>\n\u0130lk 6 ay i\u00e7erisinde nominal 90 kaynak vuru\u015fu yapabilen yeni model \u00c7elik Has\u0131r Kaynak Makinesi ve \u00dcniteleri<br \/>\nMESHWELD markas\u0131 olarak \u015firketimiz ad\u0131na tescillenmi\u015ftir. MESHWELD bir SPD markas\u0131d\u0131r.&#8221;][stm_company_history_item year=&#8221;2018&#8243; title=&#8221;Kaynak Teknolojisinde Yenilik&#8221; description=&#8221;Makine imalat\u0131n\u0131n ba\u015flamas\u0131 paralel olarak Arge \u00e7al\u0131\u015fmalar\u0131 da e\u015f zamanl\u0131 olarak ba\u015flat\u0131lm\u0131\u015ft\u0131r. Makinenin temel fonksiyonu olan kaynak teknolojisi geli\u015ftirilmi\u015f ve \u00e7apaks\u0131z stabil kaynak yapan yeni nesil g\u00fc\u00e7 kontrol kartlar\u0131 devreye al\u0131nm\u0131\u015ft\u0131r.&#8221;][stm_company_history_item year=&#8221;2018&#8243; title=&#8221;CE Belgemiz&#8221; description=&#8221;MESHWELD \u00c7elik Has\u0131r Kaynak Makinelerinin ve \u00dcnitelerinin CE Belgesi al\u0131nm\u0131\u015f olup, her y\u0131l dan\u0131\u015fman firma<br \/>\ntaraf\u0131ndan kontrol edilerek yenilenmektedir.&#8221;][stm_company_history_item year=&#8221;2018&#8243; title=&#8221;105 CYCLE Yeni Makine&#8221; description=&#8221;Kaynak teknolojisi, pn\u00f6matik revizyon ve otomasyon kontrol k\u0131sm\u0131nda yapt\u0131\u011f\u0131m\u0131z arge \u00e7al\u0131\u015fmalar\u0131 ile<br \/>\ndakikada 105 adet en \u00e7ubu\u011fu kaynatabilen yeni makinemiz sat\u0131\u015fa \u00e7\u0131kart\u0131lm\u0131\u015ft\u0131r.&#8221;][stm_company_history_item year=&#8221;2019&#8243; title=&#8221;120 CYCLE Yeni Makine&#8221; description=&#8221;Mekanik revizyon ve otomasyon kontrol k\u0131sm\u0131nda yapt\u0131\u011f\u0131m\u0131z arge \u00e7al\u0131\u015fmalar\u0131 ile dakikada 120 adet en \u00e7ubu\u011fu<br \/>\nkaynak yapabilen h\u0131zda yeni makinemiz sat\u0131\u015fa \u00e7\u0131kart\u0131lm\u0131\u015ft\u0131r.&#8221;][stm_company_history_item year=&#8221;2020&#8243; title=&#8221;Otomatik \u00c7evirme ve Dizme Makinesi Yenileme&#8221; description=&#8221;M\u00fc\u015fterilerimizin talepleri do\u011frultusunda, arge \u00e7al\u0131\u015fmalar\u0131na ba\u015flam\u0131\u015f oldu\u011fumuz Otomatik \u00c7evirme Makinesi<br \/>\nyeni modeli sat\u0131\u015fa sunulmu\u015ftur.&#8221;][\/stm_company_history][vc_column_text][\/vc_column_text][vc_column_text]<\/p>\n<h3 style=\"text-align: left;\">\u00dcretmeye devam ediyoruz&#8230;<\/h3>\n<p>[\/vc_column_text][\/vc_column][vc_column width=&#8221;1\/4&#8243;][stm_sidebar sidebar=&#8221;8672&#8243;][\/vc_column][vc_column width=&#8221;1\/4&#8243;][\/vc_column][\/vc_row][vc_row][vc_column][stm_sidebar sidebar=&#8221;7661&#8243;][\/vc_column][\/vc_row]<\/p>\n","protected":false},"excerpt":{"rendered":"<p>[vc_row css=&#8221;.vc_custom_1451991003825{margin-bottom: 100px !important;}&#8221;][vc_column width=&#8221;1\/4&#8243; offset=&#8221;vc_col-lg-9 vc_col-md-9&#8243;][vc_column_text] Hakk\u0131m\u0131zda [\/vc_column_text][vc_row_inner][vc_column_inner width=&#8221;1\/2&#8243;][vc_single_image image=&#8221;9177&#8243; img_size=&#8221;medium&#8221; alignment=&#8221;center&#8221;][\/vc_column_inner][vc_column_inner width=&#8221;1\/2&#8243;][vc_column_text css=&#8221;.vc_custom_1603045226744{margin-bottom: 25px !important;}&#8221;] 2004 y\u0131l\u0131nda Otomasyon sekt\u00f6r\u00fcnde hizmet vermek amac\u0131 ile kurulan firmam\u0131z kuruldu\u011fu g\u00fcnden bu yana end\u00fcstriyel otomasyon ve makine imalat\u0131 projelerinde g\u00f6rev almaktad\u0131r. 2006 y\u0131l\u0131ndan beri \u00e7elik has\u0131r kaynak makinalar\u0131 \u00fcreten partnerimizi b\u00fcnyemize katarak tescilli markam\u0131z olan MESHWELD ile<\/p>\n","protected":false},"author":1,"featured_media":0,"parent":0,"menu_order":0,"comment_status":"closed","ping_status":"closed","template":"","meta":{"footnotes":""},"class_list":["post-9","page","type-page","status-publish","hentry"],"yoast_head":"<!-- This site is optimized with the Yoast SEO plugin v23.8 - https:\/\/yoast.com\/wordpress\/plugins\/seo\/ -->\n<title>Wire Mesh Welding Machine - MESHWELD Machine Turkey<\/title>\n<meta name=\"description\" content=\"Wire mesh welding machine mesh weld welding machine and pre-feed unit manual or semi automatic and automatic turning stacking unit steel mesh\" \/>\n<meta name=\"robots\" content=\"index, follow, max-snippet:-1, max-image-preview:large, max-video-preview:-1\" \/>\n<link rel=\"canonical\" href=\"https:\/\/meshweld.com\/tr\/hakkimizda\/\" \/>\n<meta property=\"og:locale\" content=\"tr_TR\" \/>\n<meta property=\"og:type\" content=\"article\" \/>\n<meta property=\"og:title\" content=\"Wire Mesh Welding Machine - MESHWELD Machine Turkey\" \/>\n<meta property=\"og:description\" content=\"Wire mesh welding machine mesh weld welding machine and pre-feed unit manual or semi automatic and automatic turning stacking unit steel mesh\" \/>\n<meta property=\"og:url\" content=\"https:\/\/meshweld.com\/tr\/hakkimizda\/\" \/>\n<meta property=\"og:site_name\" content=\"MESHWELD\" \/>\n<meta property=\"article:publisher\" content=\"https:\/\/www.facebook.com\/meshweld\" \/>\n<meta property=\"article:modified_time\" content=\"2020-10-18T19:14:19+00:00\" \/>\n<meta name=\"twitter:card\" content=\"summary_large_image\" \/>\n<meta name=\"twitter:label1\" content=\"Tahmini okuma s\u00fcresi\" \/>\n\t<meta name=\"twitter:data1\" content=\"5 dakika\" \/>\n<script type=\"application\/ld+json\" class=\"yoast-schema-graph\">{\"@context\":\"https:\/\/schema.org\",\"@graph\":[{\"@type\":\"WebPage\",\"@id\":\"https:\/\/meshweld.com\/tr\/hakkimizda\/\",\"url\":\"https:\/\/meshweld.com\/tr\/hakkimizda\/\",\"name\":\"Wire Mesh Welding Machine - MESHWELD Machine Turkey\",\"isPartOf\":{\"@id\":\"https:\/\/meshweld.com\/#website\"},\"datePublished\":\"2015-12-15T05:37:33+00:00\",\"dateModified\":\"2020-10-18T19:14:19+00:00\",\"description\":\"Wire mesh welding machine mesh weld welding machine and pre-feed unit manual or semi automatic and automatic turning stacking unit steel mesh\",\"breadcrumb\":{\"@id\":\"https:\/\/meshweld.com\/tr\/hakkimizda\/#breadcrumb\"},\"inLanguage\":\"tr\",\"potentialAction\":[{\"@type\":\"ReadAction\",\"target\":[\"https:\/\/meshweld.com\/tr\/hakkimizda\/\"]}]},{\"@type\":\"BreadcrumbList\",\"@id\":\"https:\/\/meshweld.com\/tr\/hakkimizda\/#breadcrumb\",\"itemListElement\":[{\"@type\":\"ListItem\",\"position\":1,\"name\":\"Home\",\"item\":\"https:\/\/meshweld.com\/tr\/\"},{\"@type\":\"ListItem\",\"position\":2,\"name\":\"Hakk\u0131m\u0131zda\"}]},{\"@type\":\"WebSite\",\"@id\":\"https:\/\/meshweld.com\/#website\",\"url\":\"https:\/\/meshweld.com\/\",\"name\":\"Meshweld\",\"description\":\"Mesh Welding Machine\",\"publisher\":{\"@id\":\"https:\/\/meshweld.com\/#organization\"},\"potentialAction\":[{\"@type\":\"SearchAction\",\"target\":{\"@type\":\"EntryPoint\",\"urlTemplate\":\"https:\/\/meshweld.com\/?s={search_term_string}\"},\"query-input\":{\"@type\":\"PropertyValueSpecification\",\"valueRequired\":true,\"valueName\":\"search_term_string\"}}],\"inLanguage\":\"tr\"},{\"@type\":\"Organization\",\"@id\":\"https:\/\/meshweld.com\/#organization\",\"name\":\"Meshweld - Wire Mesh Welding Machines\",\"url\":\"https:\/\/meshweld.com\/\",\"logo\":{\"@type\":\"ImageObject\",\"inLanguage\":\"tr\",\"@id\":\"https:\/\/meshweld.com\/#\/schema\/logo\/image\/\",\"url\":\"https:\/\/meshweld.com\/wp-content\/uploads\/meshweld-logo-blue.jpg\",\"contentUrl\":\"https:\/\/meshweld.com\/wp-content\/uploads\/meshweld-logo-blue.jpg\",\"width\":423,\"height\":356,\"caption\":\"Meshweld - Wire Mesh Welding Machines\"},\"image\":{\"@id\":\"https:\/\/meshweld.com\/#\/schema\/logo\/image\/\"},\"sameAs\":[\"https:\/\/www.facebook.com\/meshweld\",\"https:\/\/www.instagram.com\/meshweld\/\",\"https:\/\/www.linkedin.com\/company\/meshweld\/\",\"https:\/\/www.youtube.com\/channel\/UC37WTuCJ5oQzh-j1rCiH4nQ\/videos\"]}]}<\/script>\n<!-- \/ Yoast SEO plugin. -->","yoast_head_json":{"title":"Wire Mesh Welding Machine - MESHWELD Machine Turkey","description":"Wire mesh welding machine mesh weld welding machine and pre-feed unit manual or semi automatic and automatic turning stacking unit steel mesh","robots":{"index":"index","follow":"follow","max-snippet":"max-snippet:-1","max-image-preview":"max-image-preview:large","max-video-preview":"max-video-preview:-1"},"canonical":"https:\/\/meshweld.com\/tr\/hakkimizda\/","og_locale":"tr_TR","og_type":"article","og_title":"Wire Mesh Welding Machine - MESHWELD Machine Turkey","og_description":"Wire mesh welding machine mesh weld welding machine and pre-feed unit manual or semi automatic and automatic turning stacking unit steel mesh","og_url":"https:\/\/meshweld.com\/tr\/hakkimizda\/","og_site_name":"MESHWELD","article_publisher":"https:\/\/www.facebook.com\/meshweld","article_modified_time":"2020-10-18T19:14:19+00:00","twitter_card":"summary_large_image","twitter_misc":{"Tahmini okuma s\u00fcresi":"5 dakika"},"schema":{"@context":"https:\/\/schema.org","@graph":[{"@type":"WebPage","@id":"https:\/\/meshweld.com\/tr\/hakkimizda\/","url":"https:\/\/meshweld.com\/tr\/hakkimizda\/","name":"Wire Mesh Welding Machine - MESHWELD Machine Turkey","isPartOf":{"@id":"https:\/\/meshweld.com\/#website"},"datePublished":"2015-12-15T05:37:33+00:00","dateModified":"2020-10-18T19:14:19+00:00","description":"Wire mesh welding machine mesh weld welding machine and pre-feed unit manual or semi automatic and automatic turning stacking unit steel mesh","breadcrumb":{"@id":"https:\/\/meshweld.com\/tr\/hakkimizda\/#breadcrumb"},"inLanguage":"tr","potentialAction":[{"@type":"ReadAction","target":["https:\/\/meshweld.com\/tr\/hakkimizda\/"]}]},{"@type":"BreadcrumbList","@id":"https:\/\/meshweld.com\/tr\/hakkimizda\/#breadcrumb","itemListElement":[{"@type":"ListItem","position":1,"name":"Home","item":"https:\/\/meshweld.com\/tr\/"},{"@type":"ListItem","position":2,"name":"Hakk\u0131m\u0131zda"}]},{"@type":"WebSite","@id":"https:\/\/meshweld.com\/#website","url":"https:\/\/meshweld.com\/","name":"Meshweld","description":"Mesh Welding Machine","publisher":{"@id":"https:\/\/meshweld.com\/#organization"},"potentialAction":[{"@type":"SearchAction","target":{"@type":"EntryPoint","urlTemplate":"https:\/\/meshweld.com\/?s={search_term_string}"},"query-input":{"@type":"PropertyValueSpecification","valueRequired":true,"valueName":"search_term_string"}}],"inLanguage":"tr"},{"@type":"Organization","@id":"https:\/\/meshweld.com\/#organization","name":"Meshweld - Wire Mesh Welding Machines","url":"https:\/\/meshweld.com\/","logo":{"@type":"ImageObject","inLanguage":"tr","@id":"https:\/\/meshweld.com\/#\/schema\/logo\/image\/","url":"https:\/\/meshweld.com\/wp-content\/uploads\/meshweld-logo-blue.jpg","contentUrl":"https:\/\/meshweld.com\/wp-content\/uploads\/meshweld-logo-blue.jpg","width":423,"height":356,"caption":"Meshweld - Wire Mesh Welding Machines"},"image":{"@id":"https:\/\/meshweld.com\/#\/schema\/logo\/image\/"},"sameAs":["https:\/\/www.facebook.com\/meshweld","https:\/\/www.instagram.com\/meshweld\/","https:\/\/www.linkedin.com\/company\/meshweld\/","https:\/\/www.youtube.com\/channel\/UC37WTuCJ5oQzh-j1rCiH4nQ\/videos"]}]}},"jetpack_sharing_enabled":true,"_links":{"self":[{"href":"https:\/\/meshweld.com\/tr\/wp-json\/wp\/v2\/pages\/9","targetHints":{"allow":["GET"]}}],"collection":[{"href":"https:\/\/meshweld.com\/tr\/wp-json\/wp\/v2\/pages"}],"about":[{"href":"https:\/\/meshweld.com\/tr\/wp-json\/wp\/v2\/types\/page"}],"author":[{"embeddable":true,"href":"https:\/\/meshweld.com\/tr\/wp-json\/wp\/v2\/users\/1"}],"replies":[{"embeddable":true,"href":"https:\/\/meshweld.com\/tr\/wp-json\/wp\/v2\/comments?post=9"}],"version-history":[{"count":0,"href":"https:\/\/meshweld.com\/tr\/wp-json\/wp\/v2\/pages\/9\/revisions"}],"wp:attachment":[{"href":"https:\/\/meshweld.com\/tr\/wp-json\/wp\/v2\/media?parent=9"}],"curies":[{"name":"wp","href":"https:\/\/api.w.org\/{rel}","templated":true}]}}