{"id":7373,"date":"2020-10-03T10:40:11","date_gmt":"2020-10-03T07:40:11","guid":{"rendered":"https:\/\/meshweld.com\/?page_id=7373"},"modified":"2021-02-23T21:22:31","modified_gmt":"2021-02-23T18:22:31","slug":"ekibimiz","status":"publish","type":"page","link":"https:\/\/meshweld.com\/tr\/hakkimizda\/ekibimiz\/","title":{"rendered":"Ekibimiz"},"content":{"rendered":"<p>[vc_row][vc_column css=&#8221;.vc_custom_1602943108216{margin-bottom: 25px !important;}&#8221;][vc_column_text]<\/p>\n<blockquote><p>Profesyonel ekibimiz ve y\u0131llar\u0131n verdi\u011fi tecr\u00fcbe ile d\u00fcnya \u00e7ap\u0131nda sat\u0131\u015f yapmaktay\u0131z.<\/p><\/blockquote>\n<p>[\/vc_column_text][\/vc_column][\/vc_row][vc_row css=&#8221;.vc_custom_1451991003825{margin-bottom: 100px !important;}&#8221;][vc_column offset=&#8221;vc_col-lg-9 vc_col-md-9&#8243;][stm_staff_list style=&#8221;grid&#8221; grid_view=&#8221;minimal&#8221; per_row=&#8221;3&#8243; count=&#8221;30&#8243;][\/vc_column][vc_column offset=&#8221;vc_col-lg-3 vc_col-md-3&#8243;][stm_sidebar sidebar=&#8221;8672&#8243;][\/vc_column][\/vc_row]<\/p>\n","protected":false},"excerpt":{"rendered":"<p>[vc_row][vc_column css=&#8221;.vc_custom_1602943108216{margin-bottom: 25px !important;}&#8221;][vc_column_text] Profesyonel ekibimiz ve y\u0131llar\u0131n verdi\u011fi tecr\u00fcbe ile d\u00fcnya \u00e7ap\u0131nda sat\u0131\u015f yapmaktay\u0131z. [\/vc_column_text][\/vc_column][\/vc_row][vc_row css=&#8221;.vc_custom_1451991003825{margin-bottom: 100px !important;}&#8221;][vc_column offset=&#8221;vc_col-lg-9 vc_col-md-9&#8243;][stm_staff_list style=&#8221;grid&#8221; grid_view=&#8221;minimal&#8221; per_row=&#8221;3&#8243; count=&#8221;30&#8243;][\/vc_column][vc_column offset=&#8221;vc_col-lg-3 vc_col-md-3&#8243;][stm_sidebar sidebar=&#8221;8672&#8243;][\/vc_column][\/vc_row]<\/p>\n","protected":false},"author":1,"featured_media":0,"parent":9,"menu_order":0,"comment_status":"closed","ping_status":"closed","template":"","meta":{"footnotes":""},"class_list":["post-7373","page","type-page","status-publish","hentry"],"yoast_head":"<!-- This site is optimized with the Yoast SEO plugin v23.8 - https:\/\/yoast.com\/wordpress\/plugins\/seo\/ -->\n<title>Wire Mesh Welding Machine - MESHWELD Machine Turkey<\/title>\n<meta name=\"description\" content=\"Wire mesh welding machine mesh weld welding machine and pre-feed unit manual or semi automatic and automatic turning stacking unit steel mesh\" \/>\n<meta name=\"robots\" content=\"index, follow, max-snippet:-1, max-image-preview:large, max-video-preview:-1\" \/>\n<link rel=\"canonical\" href=\"https:\/\/meshweld.com\/tr\/hakkimizda\/ekibimiz\/\" \/>\n<meta property=\"og:locale\" content=\"tr_TR\" \/>\n<meta property=\"og:type\" content=\"article\" \/>\n<meta property=\"og:title\" content=\"Wire Mesh Welding Machine - MESHWELD Machine Turkey\" \/>\n<meta property=\"og:description\" content=\"Wire mesh welding machine mesh weld welding machine and pre-feed unit manual or semi automatic and automatic turning stacking unit steel mesh\" \/>\n<meta property=\"og:url\" content=\"https:\/\/meshweld.com\/tr\/hakkimizda\/ekibimiz\/\" \/>\n<meta property=\"og:site_name\" content=\"MESHWELD\" \/>\n<meta property=\"article:publisher\" content=\"https:\/\/www.facebook.com\/meshweld\" \/>\n<meta property=\"article:modified_time\" content=\"2021-02-23T18:22:31+00:00\" \/>\n<meta name=\"twitter:card\" content=\"summary_large_image\" \/>\n<meta name=\"twitter:label1\" content=\"Tahmini okuma s\u00fcresi\" \/>\n\t<meta name=\"twitter:data1\" content=\"1 dakika\" \/>\n<script type=\"application\/ld+json\" class=\"yoast-schema-graph\">{\"@context\":\"https:\/\/schema.org\",\"@graph\":[{\"@type\":\"WebPage\",\"@id\":\"https:\/\/meshweld.com\/tr\/hakkimizda\/ekibimiz\/\",\"url\":\"https:\/\/meshweld.com\/tr\/hakkimizda\/ekibimiz\/\",\"name\":\"Wire Mesh Welding Machine - MESHWELD Machine Turkey\",\"isPartOf\":{\"@id\":\"https:\/\/meshweld.com\/#website\"},\"datePublished\":\"2020-10-03T07:40:11+00:00\",\"dateModified\":\"2021-02-23T18:22:31+00:00\",\"description\":\"Wire mesh welding machine mesh weld welding machine and pre-feed unit manual or semi automatic and automatic turning stacking unit steel mesh\",\"breadcrumb\":{\"@id\":\"https:\/\/meshweld.com\/tr\/hakkimizda\/ekibimiz\/#breadcrumb\"},\"inLanguage\":\"tr\",\"potentialAction\":[{\"@type\":\"ReadAction\",\"target\":[\"https:\/\/meshweld.com\/tr\/hakkimizda\/ekibimiz\/\"]}]},{\"@type\":\"BreadcrumbList\",\"@id\":\"https:\/\/meshweld.com\/tr\/hakkimizda\/ekibimiz\/#breadcrumb\",\"itemListElement\":[{\"@type\":\"ListItem\",\"position\":1,\"name\":\"Home\",\"item\":\"https:\/\/meshweld.com\/tr\/\"},{\"@type\":\"ListItem\",\"position\":2,\"name\":\"Hakk\u0131m\u0131zda\",\"item\":\"https:\/\/meshweld.com\/tr\/hakkimizda\/\"},{\"@type\":\"ListItem\",\"position\":3,\"name\":\"Ekibimiz\"}]},{\"@type\":\"WebSite\",\"@id\":\"https:\/\/meshweld.com\/#website\",\"url\":\"https:\/\/meshweld.com\/\",\"name\":\"Meshweld\",\"description\":\"Mesh Welding Machine\",\"publisher\":{\"@id\":\"https:\/\/meshweld.com\/#organization\"},\"potentialAction\":[{\"@type\":\"SearchAction\",\"target\":{\"@type\":\"EntryPoint\",\"urlTemplate\":\"https:\/\/meshweld.com\/?s={search_term_string}\"},\"query-input\":{\"@type\":\"PropertyValueSpecification\",\"valueRequired\":true,\"valueName\":\"search_term_string\"}}],\"inLanguage\":\"tr\"},{\"@type\":\"Organization\",\"@id\":\"https:\/\/meshweld.com\/#organization\",\"name\":\"Meshweld - Wire Mesh Welding Machines\",\"url\":\"https:\/\/meshweld.com\/\",\"logo\":{\"@type\":\"ImageObject\",\"inLanguage\":\"tr\",\"@id\":\"https:\/\/meshweld.com\/#\/schema\/logo\/image\/\",\"url\":\"https:\/\/meshweld.com\/wp-content\/uploads\/meshweld-logo-blue.jpg\",\"contentUrl\":\"https:\/\/meshweld.com\/wp-content\/uploads\/meshweld-logo-blue.jpg\",\"width\":423,\"height\":356,\"caption\":\"Meshweld - Wire Mesh Welding Machines\"},\"image\":{\"@id\":\"https:\/\/meshweld.com\/#\/schema\/logo\/image\/\"},\"sameAs\":[\"https:\/\/www.facebook.com\/meshweld\",\"https:\/\/www.instagram.com\/meshweld\/\",\"https:\/\/www.linkedin.com\/company\/meshweld\/\",\"https:\/\/www.youtube.com\/channel\/UC37WTuCJ5oQzh-j1rCiH4nQ\/videos\"]}]}<\/script>\n<!-- \/ Yoast SEO plugin. -->","yoast_head_json":{"title":"Wire Mesh Welding Machine - MESHWELD Machine Turkey","description":"Wire mesh welding machine mesh weld welding machine and pre-feed unit manual or semi automatic and automatic turning stacking unit steel mesh","robots":{"index":"index","follow":"follow","max-snippet":"max-snippet:-1","max-image-preview":"max-image-preview:large","max-video-preview":"max-video-preview:-1"},"canonical":"https:\/\/meshweld.com\/tr\/hakkimizda\/ekibimiz\/","og_locale":"tr_TR","og_type":"article","og_title":"Wire Mesh Welding Machine - MESHWELD Machine Turkey","og_description":"Wire mesh welding machine mesh weld welding machine and pre-feed unit manual or semi automatic and automatic turning stacking unit steel mesh","og_url":"https:\/\/meshweld.com\/tr\/hakkimizda\/ekibimiz\/","og_site_name":"MESHWELD","article_publisher":"https:\/\/www.facebook.com\/meshweld","article_modified_time":"2021-02-23T18:22:31+00:00","twitter_card":"summary_large_image","twitter_misc":{"Tahmini okuma s\u00fcresi":"1 dakika"},"schema":{"@context":"https:\/\/schema.org","@graph":[{"@type":"WebPage","@id":"https:\/\/meshweld.com\/tr\/hakkimizda\/ekibimiz\/","url":"https:\/\/meshweld.com\/tr\/hakkimizda\/ekibimiz\/","name":"Wire Mesh Welding Machine - MESHWELD Machine Turkey","isPartOf":{"@id":"https:\/\/meshweld.com\/#website"},"datePublished":"2020-10-03T07:40:11+00:00","dateModified":"2021-02-23T18:22:31+00:00","description":"Wire mesh welding machine mesh weld welding machine and pre-feed unit manual or semi automatic and automatic turning stacking unit steel mesh","breadcrumb":{"@id":"https:\/\/meshweld.com\/tr\/hakkimizda\/ekibimiz\/#breadcrumb"},"inLanguage":"tr","potentialAction":[{"@type":"ReadAction","target":["https:\/\/meshweld.com\/tr\/hakkimizda\/ekibimiz\/"]}]},{"@type":"BreadcrumbList","@id":"https:\/\/meshweld.com\/tr\/hakkimizda\/ekibimiz\/#breadcrumb","itemListElement":[{"@type":"ListItem","position":1,"name":"Home","item":"https:\/\/meshweld.com\/tr\/"},{"@type":"ListItem","position":2,"name":"Hakk\u0131m\u0131zda","item":"https:\/\/meshweld.com\/tr\/hakkimizda\/"},{"@type":"ListItem","position":3,"name":"Ekibimiz"}]},{"@type":"WebSite","@id":"https:\/\/meshweld.com\/#website","url":"https:\/\/meshweld.com\/","name":"Meshweld","description":"Mesh Welding Machine","publisher":{"@id":"https:\/\/meshweld.com\/#organization"},"potentialAction":[{"@type":"SearchAction","target":{"@type":"EntryPoint","urlTemplate":"https:\/\/meshweld.com\/?s={search_term_string}"},"query-input":{"@type":"PropertyValueSpecification","valueRequired":true,"valueName":"search_term_string"}}],"inLanguage":"tr"},{"@type":"Organization","@id":"https:\/\/meshweld.com\/#organization","name":"Meshweld - Wire Mesh Welding Machines","url":"https:\/\/meshweld.com\/","logo":{"@type":"ImageObject","inLanguage":"tr","@id":"https:\/\/meshweld.com\/#\/schema\/logo\/image\/","url":"https:\/\/meshweld.com\/wp-content\/uploads\/meshweld-logo-blue.jpg","contentUrl":"https:\/\/meshweld.com\/wp-content\/uploads\/meshweld-logo-blue.jpg","width":423,"height":356,"caption":"Meshweld - Wire Mesh Welding Machines"},"image":{"@id":"https:\/\/meshweld.com\/#\/schema\/logo\/image\/"},"sameAs":["https:\/\/www.facebook.com\/meshweld","https:\/\/www.instagram.com\/meshweld\/","https:\/\/www.linkedin.com\/company\/meshweld\/","https:\/\/www.youtube.com\/channel\/UC37WTuCJ5oQzh-j1rCiH4nQ\/videos"]}]}},"jetpack_sharing_enabled":true,"_links":{"self":[{"href":"https:\/\/meshweld.com\/tr\/wp-json\/wp\/v2\/pages\/7373","targetHints":{"allow":["GET"]}}],"collection":[{"href":"https:\/\/meshweld.com\/tr\/wp-json\/wp\/v2\/pages"}],"about":[{"href":"https:\/\/meshweld.com\/tr\/wp-json\/wp\/v2\/types\/page"}],"author":[{"embeddable":true,"href":"https:\/\/meshweld.com\/tr\/wp-json\/wp\/v2\/users\/1"}],"replies":[{"embeddable":true,"href":"https:\/\/meshweld.com\/tr\/wp-json\/wp\/v2\/comments?post=7373"}],"version-history":[{"count":2,"href":"https:\/\/meshweld.com\/tr\/wp-json\/wp\/v2\/pages\/7373\/revisions"}],"predecessor-version":[{"id":11099,"href":"https:\/\/meshweld.com\/tr\/wp-json\/wp\/v2\/pages\/7373\/revisions\/11099"}],"up":[{"embeddable":true,"href":"https:\/\/meshweld.com\/tr\/wp-json\/wp\/v2\/pages\/9"}],"wp:attachment":[{"href":"https:\/\/meshweld.com\/tr\/wp-json\/wp\/v2\/media?parent=7373"}],"curies":[{"name":"wp","href":"https:\/\/api.w.org\/{rel}","templated":true}]}}