{"id":6168,"date":"2019-11-21T12:03:42","date_gmt":"2019-11-21T09:03:42","guid":{"rendered":"http:\/\/consulting.stylemixthemes.com\/demo\/?page_id=6168"},"modified":"2020-10-15T14:23:28","modified_gmt":"2020-10-15T11:23:28","slug":"sikca-sorular-sorular","status":"publish","type":"page","link":"https:\/\/meshweld.com\/tr\/hakkimizda\/sikca-sorular-sorular\/","title":{"rendered":"S\u0131kca Sorulan Sorular"},"content":{"rendered":"<p>[vc_row][vc_column offset=&#8221;vc_col-lg-8 vc_col-md-8&#8243;][vc_tta_accordion style=&#8221;modern&#8221; c_position=&#8221;right&#8221; active_section=&#8221;2&#8243; css=&#8221;.vc_custom_1601928527233{margin-bottom: 30px !important;}&#8221;][vc_tta_section title=&#8221;Hangi tel \u00e7aplar\u0131 ile \u00fcretim yap\u0131labilir?&#8221; tab_id=&#8221;1574338169950-e0b9e6a6-2cc6&#8243;][vc_column_text]4 mm ile 12 mm aras\u0131nda her \u00f6l\u00e7\u00fc ile \u00fcretim yap\u0131labilir.[\/vc_column_text][\/vc_tta_section][vc_tta_section title=&#8221;Nerv\u00fcrs\u00fcz galvaniz kapl\u0131 tel kaynat\u0131labilir mi?&#8221; tab_id=&#8221;1574338209493-2bde497c-9fb4&#8243;][vc_column_text]Evet. \u00c7ok kademeli Meshweld kaynak teknolojisi kullan\u0131larak galvaniz kapl\u0131 tel kaynat\u0131labilir.[\/vc_column_text][\/vc_tta_section][vc_tta_section title=&#8221;\u00dcretilebilecek \u00e7elik has\u0131r\u0131n en k\u00fc\u00e7\u00fck ve en b\u00fcy\u00fck \u00f6l\u00e7\u00fcleri ka\u00e7 mm dir?&#8221; tab_id=&#8221;1574338208492-e38519b2-252c&#8221;][vc_column_text]Geni\u015flik 1000 mm ile 2500 mm aras\u0131 ayarlanabilmektedir. Boy 2500 mm ile 6000 mm aras\u0131nda ayarlanabilmektedir.[\/vc_column_text][\/vc_tta_section][vc_tta_section title=&#8221;En ve boy \u00e7ubu\u011fu aral\u0131klar\u0131 ka\u00e7 mm dir?&#8221; tab_id=&#8221;1574338207987-d1d0ac2b-e38b&#8221;][vc_column_text]Boy \u00e7ubu\u011fu ara mesafesi 75-100-150-200-250 mm olarak ayarlanabilmektedir.<\/p>\n<p>En \u00e7ubu\u011fu ara mesafesi 50 mm den ba\u015flayarak 1 mm aral\u0131klarla kumanda paneli \u00fczerinden ayarlanabilir. Aral\u0131klar farkl\u0131 farkl\u0131 olacak \u015fekilde ayar yap\u0131labilir. \u0130stenirse aralarda bo\u015f b\u0131rak\u0131labilir.[\/vc_column_text][\/vc_tta_section][vc_tta_section title=&#8221;\u00c7evirme\/istifleme \u00fcnitesi nedir?&#8221; tab_id=&#8221;1574397812647-99a54a4b-1e29&#8243;][vc_column_text]\u00c7evirme \u00fcnitesi \u00e7elik has\u0131r\u0131 bir d\u00fcz ve bir ters olacak \u015fekilde otomatik olarak istifleyen tam otomatik bir makinedir. Bu \u015fekilde yap\u0131lan istifleme ile paket y\u00fcksekli\u011fi azalaca\u011f\u0131ndan nakliye maliyetleri d\u00fc\u015fmektedir.[\/vc_column_text][\/vc_tta_section][vc_tta_section title=&#8221;Yar\u0131 otomatik \u00f6n besleme \u00fcnitesi nedir?&#8221; tab_id=&#8221;1574397890371-5142bfca-d217&#8243;][vc_column_text]Makineye el ile beslenen boy \u00e7ubuklar\u0131 operat\u00f6r taraf\u0131ndan sadece 25 cm kadar s\u00fcr\u00fcl\u00fcr. Makine beslenen boy \u00e7ubuklar\u0131n\u0131 otomatik olarak kaynak noktas\u0131na kadar ta\u015f\u0131r. Yar\u0131 otomatik \u00f6n besleme \u00fcnitesi kullan\u0131lmad\u0131\u011f\u0131nda operat\u00f6r yakla\u015f\u0131k 5 metre boyundaki \u00e7ubuklar\u0131 kaynak noktas\u0131na kadar el ile s\u00fcrmek zorunda olaca\u011f\u0131ndan zamanla yorulur ve makinenin \u00fcretim verimi d\u00fc\u015fer.[\/vc_column_text][\/vc_tta_section][vc_tta_section title=&#8221;\u00c7elik has\u0131r \u00fcretmek i\u00e7in ba\u015fka makineler de gerekiyor mu?&#8221; tab_id=&#8221;1574397899955-e0fdfa6e-d23c&#8221;][vc_column_text]Evet. \u00c7elik has\u0131r \u00fcretebilmek i\u00e7in boy ve en \u00e7ubuklar\u0131n\u0131n \u00e7aplar\u0131n\u0131 ve boylar\u0131n\u0131 ayarlayan \u00e7ekme-kesme makinesine ihtiya\u00e7 vard\u0131r. Ayr\u0131ca makinenin \u00e7al\u0131\u015fabilmesi i\u00e7in kompres\u00f6r ve chiller \u00fcnitelerine ihtiya\u00e7 vard\u0131r.[\/vc_column_text][\/vc_tta_section][vc_tta_section title=&#8221;\u00c7elik has\u0131r kaynak makinas\u0131 ne kadar yer kaplar?&#8221; tab_id=&#8221;1574397912180-543d82a5-3462&#8243;][vc_column_text]Otomatik \u00e7evirme \u00fcnitesi olan makine 31 metre olmayan ise 17 metre boyundad\u0131r.[\/vc_column_text][\/vc_tta_section][vc_tta_section title=&#8221;\u00c7elik has\u0131r \u00fcretebilmek i\u00e7in ne kadarl\u0131k bir \u00fcretim alan\u0131na ihtiya\u00e7 vard\u0131r?&#8221; tab_id=&#8221;1574397915650-1f030d90-611c&#8221;][vc_column_text]Tek \u00fcretim hatt\u0131 i\u00e7in stok alanlar\u0131 dahil 1000-1500 metre kare alana ihtiya\u00e7 vard\u0131r.[\/vc_column_text][\/vc_tta_section][vc_tta_section title=&#8221;Makinenizde hangi marka \u00fcr\u00fcnler kullan\u0131yorsunuz ?&#8221; tab_id=&#8221;1574397920191-e0608f7e-2b70&#8243;][vc_column_text]Makinemizde Siemens, Sew Eurodrive, SMC, Phoenix Contact gibi global markalar\u0131n \u00fcr\u00fcnlerini kullan\u0131yoruz.[\/vc_column_text][\/vc_tta_section][\/vc_tta_accordion][\/vc_column][vc_column css=&#8221;.vc_custom_1576238094836{padding-right: 30px !important;padding-left: 30px !important;}&#8221; offset=&#8221;vc_col-lg-4 vc_col-md-4&#8243;][vc_row_inner][vc_column_inner][stm_sidebar sidebar=&#8221;8672&#8243;][\/vc_column_inner][\/vc_row_inner][\/vc_column][\/vc_row][vc_row][vc_column][stm_sidebar sidebar=&#8221;7661&#8243;][\/vc_column][\/vc_row]<\/p>\n","protected":false},"excerpt":{"rendered":"<p>[vc_row][vc_column offset=&#8221;vc_col-lg-8 vc_col-md-8&#8243;][vc_tta_accordion style=&#8221;modern&#8221; c_position=&#8221;right&#8221; active_section=&#8221;2&#8243; css=&#8221;.vc_custom_1601928527233{margin-bottom: 30px !important;}&#8221;][vc_tta_section title=&#8221;Hangi tel \u00e7aplar\u0131 ile \u00fcretim yap\u0131labilir?&#8221; tab_id=&#8221;1574338169950-e0b9e6a6-2cc6&#8243;][vc_column_text]4 mm ile 12 mm aras\u0131nda her \u00f6l\u00e7\u00fc ile \u00fcretim yap\u0131labilir.[\/vc_column_text][\/vc_tta_section][vc_tta_section title=&#8221;Nerv\u00fcrs\u00fcz galvaniz kapl\u0131 tel kaynat\u0131labilir mi?&#8221; tab_id=&#8221;1574338209493-2bde497c-9fb4&#8243;][vc_column_text]Evet. \u00c7ok kademeli Meshweld kaynak teknolojisi kullan\u0131larak galvaniz kapl\u0131 tel kaynat\u0131labilir.[\/vc_column_text][\/vc_tta_section][vc_tta_section title=&#8221;\u00dcretilebilecek \u00e7elik has\u0131r\u0131n en k\u00fc\u00e7\u00fck ve en b\u00fcy\u00fck \u00f6l\u00e7\u00fcleri ka\u00e7 mm dir?&#8221;<\/p>\n","protected":false},"author":1,"featured_media":0,"parent":9,"menu_order":0,"comment_status":"closed","ping_status":"closed","template":"","meta":{"footnotes":""},"class_list":["post-6168","page","type-page","status-publish","hentry"],"yoast_head":"<!-- This site is optimized with the Yoast SEO plugin v23.8 - https:\/\/yoast.com\/wordpress\/plugins\/seo\/ -->\n<title>Wire Mesh Welding Machine - MESHWELD Machine Turkey<\/title>\n<meta name=\"description\" content=\"Wire mesh welding machine mesh weld welding machine and pre-feed unit manual or semi automatic and automatic turning stacking unit steel mesh\" \/>\n<meta name=\"robots\" content=\"index, follow, max-snippet:-1, max-image-preview:large, max-video-preview:-1\" \/>\n<link rel=\"canonical\" href=\"https:\/\/meshweld.com\/tr\/hakkimizda\/sikca-sorular-sorular\/\" \/>\n<meta property=\"og:locale\" content=\"tr_TR\" \/>\n<meta property=\"og:type\" content=\"article\" \/>\n<meta property=\"og:title\" content=\"Wire Mesh Welding Machine - MESHWELD Machine Turkey\" \/>\n<meta property=\"og:description\" content=\"Wire mesh welding machine mesh weld welding machine and pre-feed unit manual or semi automatic and automatic turning stacking unit steel mesh\" \/>\n<meta property=\"og:url\" content=\"https:\/\/meshweld.com\/tr\/hakkimizda\/sikca-sorular-sorular\/\" \/>\n<meta property=\"og:site_name\" content=\"MESHWELD\" \/>\n<meta property=\"article:publisher\" content=\"https:\/\/www.facebook.com\/meshweld\" \/>\n<meta property=\"article:modified_time\" content=\"2020-10-15T11:23:28+00:00\" \/>\n<meta name=\"twitter:card\" content=\"summary_large_image\" \/>\n<meta name=\"twitter:label1\" content=\"Tahmini okuma s\u00fcresi\" \/>\n\t<meta name=\"twitter:data1\" content=\"3 dakika\" \/>\n<script type=\"application\/ld+json\" class=\"yoast-schema-graph\">{\"@context\":\"https:\/\/schema.org\",\"@graph\":[{\"@type\":\"WebPage\",\"@id\":\"https:\/\/meshweld.com\/tr\/hakkimizda\/sikca-sorular-sorular\/\",\"url\":\"https:\/\/meshweld.com\/tr\/hakkimizda\/sikca-sorular-sorular\/\",\"name\":\"Wire Mesh Welding Machine - MESHWELD Machine Turkey\",\"isPartOf\":{\"@id\":\"https:\/\/meshweld.com\/#website\"},\"datePublished\":\"2019-11-21T09:03:42+00:00\",\"dateModified\":\"2020-10-15T11:23:28+00:00\",\"description\":\"Wire mesh welding machine mesh weld welding machine and pre-feed unit manual or semi automatic and automatic turning stacking unit steel mesh\",\"breadcrumb\":{\"@id\":\"https:\/\/meshweld.com\/tr\/hakkimizda\/sikca-sorular-sorular\/#breadcrumb\"},\"inLanguage\":\"tr\",\"potentialAction\":[{\"@type\":\"ReadAction\",\"target\":[\"https:\/\/meshweld.com\/tr\/hakkimizda\/sikca-sorular-sorular\/\"]}]},{\"@type\":\"BreadcrumbList\",\"@id\":\"https:\/\/meshweld.com\/tr\/hakkimizda\/sikca-sorular-sorular\/#breadcrumb\",\"itemListElement\":[{\"@type\":\"ListItem\",\"position\":1,\"name\":\"Home\",\"item\":\"https:\/\/meshweld.com\/tr\/\"},{\"@type\":\"ListItem\",\"position\":2,\"name\":\"Hakk\u0131m\u0131zda\",\"item\":\"https:\/\/meshweld.com\/tr\/hakkimizda\/\"},{\"@type\":\"ListItem\",\"position\":3,\"name\":\"S\u0131kca Sorulan Sorular\"}]},{\"@type\":\"WebSite\",\"@id\":\"https:\/\/meshweld.com\/#website\",\"url\":\"https:\/\/meshweld.com\/\",\"name\":\"Meshweld\",\"description\":\"Mesh Welding Machine\",\"publisher\":{\"@id\":\"https:\/\/meshweld.com\/#organization\"},\"potentialAction\":[{\"@type\":\"SearchAction\",\"target\":{\"@type\":\"EntryPoint\",\"urlTemplate\":\"https:\/\/meshweld.com\/?s={search_term_string}\"},\"query-input\":{\"@type\":\"PropertyValueSpecification\",\"valueRequired\":true,\"valueName\":\"search_term_string\"}}],\"inLanguage\":\"tr\"},{\"@type\":\"Organization\",\"@id\":\"https:\/\/meshweld.com\/#organization\",\"name\":\"Meshweld - Wire Mesh Welding Machines\",\"url\":\"https:\/\/meshweld.com\/\",\"logo\":{\"@type\":\"ImageObject\",\"inLanguage\":\"tr\",\"@id\":\"https:\/\/meshweld.com\/#\/schema\/logo\/image\/\",\"url\":\"https:\/\/meshweld.com\/wp-content\/uploads\/meshweld-logo-blue.jpg\",\"contentUrl\":\"https:\/\/meshweld.com\/wp-content\/uploads\/meshweld-logo-blue.jpg\",\"width\":423,\"height\":356,\"caption\":\"Meshweld - Wire Mesh Welding Machines\"},\"image\":{\"@id\":\"https:\/\/meshweld.com\/#\/schema\/logo\/image\/\"},\"sameAs\":[\"https:\/\/www.facebook.com\/meshweld\",\"https:\/\/www.instagram.com\/meshweld\/\",\"https:\/\/www.linkedin.com\/company\/meshweld\/\",\"https:\/\/www.youtube.com\/channel\/UC37WTuCJ5oQzh-j1rCiH4nQ\/videos\"]}]}<\/script>\n<!-- \/ Yoast SEO plugin. -->","yoast_head_json":{"title":"Wire Mesh Welding Machine - MESHWELD Machine Turkey","description":"Wire mesh welding machine mesh weld welding machine and pre-feed unit manual or semi automatic and automatic turning stacking unit steel mesh","robots":{"index":"index","follow":"follow","max-snippet":"max-snippet:-1","max-image-preview":"max-image-preview:large","max-video-preview":"max-video-preview:-1"},"canonical":"https:\/\/meshweld.com\/tr\/hakkimizda\/sikca-sorular-sorular\/","og_locale":"tr_TR","og_type":"article","og_title":"Wire Mesh Welding Machine - MESHWELD Machine Turkey","og_description":"Wire mesh welding machine mesh weld welding machine and pre-feed unit manual or semi automatic and automatic turning stacking unit steel mesh","og_url":"https:\/\/meshweld.com\/tr\/hakkimizda\/sikca-sorular-sorular\/","og_site_name":"MESHWELD","article_publisher":"https:\/\/www.facebook.com\/meshweld","article_modified_time":"2020-10-15T11:23:28+00:00","twitter_card":"summary_large_image","twitter_misc":{"Tahmini okuma s\u00fcresi":"3 dakika"},"schema":{"@context":"https:\/\/schema.org","@graph":[{"@type":"WebPage","@id":"https:\/\/meshweld.com\/tr\/hakkimizda\/sikca-sorular-sorular\/","url":"https:\/\/meshweld.com\/tr\/hakkimizda\/sikca-sorular-sorular\/","name":"Wire Mesh Welding Machine - MESHWELD Machine Turkey","isPartOf":{"@id":"https:\/\/meshweld.com\/#website"},"datePublished":"2019-11-21T09:03:42+00:00","dateModified":"2020-10-15T11:23:28+00:00","description":"Wire mesh welding machine mesh weld welding machine and pre-feed unit manual or semi automatic and automatic turning stacking unit steel mesh","breadcrumb":{"@id":"https:\/\/meshweld.com\/tr\/hakkimizda\/sikca-sorular-sorular\/#breadcrumb"},"inLanguage":"tr","potentialAction":[{"@type":"ReadAction","target":["https:\/\/meshweld.com\/tr\/hakkimizda\/sikca-sorular-sorular\/"]}]},{"@type":"BreadcrumbList","@id":"https:\/\/meshweld.com\/tr\/hakkimizda\/sikca-sorular-sorular\/#breadcrumb","itemListElement":[{"@type":"ListItem","position":1,"name":"Home","item":"https:\/\/meshweld.com\/tr\/"},{"@type":"ListItem","position":2,"name":"Hakk\u0131m\u0131zda","item":"https:\/\/meshweld.com\/tr\/hakkimizda\/"},{"@type":"ListItem","position":3,"name":"S\u0131kca Sorulan Sorular"}]},{"@type":"WebSite","@id":"https:\/\/meshweld.com\/#website","url":"https:\/\/meshweld.com\/","name":"Meshweld","description":"Mesh Welding Machine","publisher":{"@id":"https:\/\/meshweld.com\/#organization"},"potentialAction":[{"@type":"SearchAction","target":{"@type":"EntryPoint","urlTemplate":"https:\/\/meshweld.com\/?s={search_term_string}"},"query-input":{"@type":"PropertyValueSpecification","valueRequired":true,"valueName":"search_term_string"}}],"inLanguage":"tr"},{"@type":"Organization","@id":"https:\/\/meshweld.com\/#organization","name":"Meshweld - Wire Mesh Welding Machines","url":"https:\/\/meshweld.com\/","logo":{"@type":"ImageObject","inLanguage":"tr","@id":"https:\/\/meshweld.com\/#\/schema\/logo\/image\/","url":"https:\/\/meshweld.com\/wp-content\/uploads\/meshweld-logo-blue.jpg","contentUrl":"https:\/\/meshweld.com\/wp-content\/uploads\/meshweld-logo-blue.jpg","width":423,"height":356,"caption":"Meshweld - Wire Mesh Welding Machines"},"image":{"@id":"https:\/\/meshweld.com\/#\/schema\/logo\/image\/"},"sameAs":["https:\/\/www.facebook.com\/meshweld","https:\/\/www.instagram.com\/meshweld\/","https:\/\/www.linkedin.com\/company\/meshweld\/","https:\/\/www.youtube.com\/channel\/UC37WTuCJ5oQzh-j1rCiH4nQ\/videos"]}]}},"jetpack_sharing_enabled":true,"_links":{"self":[{"href":"https:\/\/meshweld.com\/tr\/wp-json\/wp\/v2\/pages\/6168","targetHints":{"allow":["GET"]}}],"collection":[{"href":"https:\/\/meshweld.com\/tr\/wp-json\/wp\/v2\/pages"}],"about":[{"href":"https:\/\/meshweld.com\/tr\/wp-json\/wp\/v2\/types\/page"}],"author":[{"embeddable":true,"href":"https:\/\/meshweld.com\/tr\/wp-json\/wp\/v2\/users\/1"}],"replies":[{"embeddable":true,"href":"https:\/\/meshweld.com\/tr\/wp-json\/wp\/v2\/comments?post=6168"}],"version-history":[{"count":0,"href":"https:\/\/meshweld.com\/tr\/wp-json\/wp\/v2\/pages\/6168\/revisions"}],"up":[{"embeddable":true,"href":"https:\/\/meshweld.com\/tr\/wp-json\/wp\/v2\/pages\/9"}],"wp:attachment":[{"href":"https:\/\/meshweld.com\/tr\/wp-json\/wp\/v2\/media?parent=6168"}],"curies":[{"name":"wp","href":"https:\/\/api.w.org\/{rel}","templated":true}]}}