{"id":558,"date":"2016-01-13T17:48:37","date_gmt":"2016-01-13T15:48:37","guid":{"rendered":"http:\/\/consulting.stylemixthemes.com\/?page_id=558"},"modified":"2024-08-01T13:26:24","modified_gmt":"2024-08-01T10:26:24","slug":"celik-hasir-kaynak-makinesi-turkiye-servis-hizmeti-yedek-parca","status":"publish","type":"page","link":"https:\/\/meshweld.com\/tr\/celik-hasir-kaynak-makineler\/celik-hasir-kaynak-makinesi-turkiye-servis-hizmeti-yedek-parca\/","title":{"rendered":"Hizmetler"},"content":{"rendered":"<p>[vc_row][vc_column][vc_column_text]<span style=\"vertical-align: inherit;\"><span style=\"vertical-align: inherit;\">[\/vc_column_text][\/vc_column][\/vc_row][vc_row css=&#8221;.vc_custom_1540962548235{margin-bottom: 30px !important;}&#8221;][vc_column offset=&#8221;vc_col-lg-9 vc_col-md-9&#8243;][stm_services posts_per_page=&#8221;12&#8243; posts_per_row=&#8221;3&#8243; style=&#8221;style_6&#8243;][vc_row_inner][vc_column_inner][vc_column_text css_animation=&#8221;slideInRight&#8221;]<\/span><\/span><\/p>\n<blockquote><p><span style=\"vertical-align: inherit;\"><span style=\"vertical-align: inherit;\">Otomasyon tecr\u00fcbelerimizi, mekanik tasar\u0131m ve mekanik imalat ile birle\u015ftirdik&#8230;<\/span><\/span><\/p><\/blockquote>\n<p><span style=\"vertical-align: inherit;\"><span style=\"vertical-align: inherit;\">[\/vc_column_text][\/vc_column_inner][\/vc_row_inner][\/vc_column][vc_column width=&#8221;1\/4&#8243; offset=&#8221;vc_hidden-sm vc_hidden-xs&#8221;][stm_sidebar][\/vc_column][\/vc_row][vc_row][vc_column][vc_column_text]<span style=\"color: #ffffff;\">\u00e7elik has\u0131r kaynak makinesi t\u00fcrkiye servis hizmeti yedek par\u00e7a punta kaynak makinesi in\u015faat has\u0131r\u0131 kaynak makinesi mesh welding machine turkey manisa \u00e7elik has\u0131r kaynak makinesi \u00fcreticisi meshweld spd<\/span>[\/vc_column_text][\/vc_column][\/vc_row][vc_row][vc_column][vc_column_text]<span style=\"color: #ffffff;\">\u00e7elik has\u0131r kaynak makinesi kaynak punta kaynak makinesi in\u015f\u015fat has\u0131r\u0131 tel kaynak makinesi mesh welding machine turkey yedek par\u00e7a servis hizmeti<\/span>[\/vc_column_text][\/vc_column][\/vc_row][vc_row][vc_column][vc_column_text]<\/span><\/span>[\/vc_column_text][\/vc_column][\/vc_row]<\/p>\n","protected":false},"excerpt":{"rendered":"<p>[vc_row][vc_column][vc_column_text][\/vc_column_text][\/vc_column][\/vc_row][vc_row css=&#8221;.vc_custom_1540962548235{margin-bottom: 30px !important;}&#8221;][vc_column offset=&#8221;vc_col-lg-9 vc_col-md-9&#8243;][stm_services posts_per_page=&#8221;12&#8243; posts_per_row=&#8221;3&#8243; style=&#8221;style_6&#8243;][vc_row_inner][vc_column_inner][vc_column_text css_animation=&#8221;slideInRight&#8221;] Otomasyon tecr\u00fcbelerimizi, mekanik tasar\u0131m ve mekanik imalat ile birle\u015ftirdik&#8230; [\/vc_column_text][\/vc_column_inner][\/vc_row_inner][\/vc_column][vc_column width=&#8221;1\/4&#8243; offset=&#8221;vc_hidden-sm vc_hidden-xs&#8221;][stm_sidebar][\/vc_column][\/vc_row][vc_row][vc_column][vc_column_text]\u00e7elik has\u0131r kaynak makinesi t\u00fcrkiye servis hizmeti yedek par\u00e7a punta kaynak makinesi in\u015faat has\u0131r\u0131 kaynak makinesi mesh welding machine turkey manisa \u00e7elik has\u0131r kaynak makinesi \u00fcreticisi meshweld spd[\/vc_column_text][\/vc_column][\/vc_row][vc_row][vc_column][vc_column_text]\u00e7elik has\u0131r kaynak makinesi kaynak punta<\/p>\n","protected":false},"author":1,"featured_media":0,"parent":614,"menu_order":0,"comment_status":"closed","ping_status":"closed","template":"","meta":{"footnotes":""},"class_list":["post-558","page","type-page","status-publish","hentry"],"yoast_head":"<!-- This site is optimized with the Yoast SEO plugin v23.8 - https:\/\/yoast.com\/wordpress\/plugins\/seo\/ -->\n<title>\u00c7elik Has\u0131r Kaynak Makinesi - MESHWELD Machine Turkey<\/title>\n<meta name=\"description\" content=\"Wire mesh welding machine mesh weld welding machine and pre-feed unit manual or semi automatic and automatic turning stacking unit steel mesh\" \/>\n<meta name=\"robots\" content=\"index, follow, max-snippet:-1, max-image-preview:large, max-video-preview:-1\" \/>\n<link rel=\"canonical\" href=\"https:\/\/meshweld.com\/tr\/celik-hasir-kaynak-makineler\/celik-hasir-kaynak-makinesi-turkiye-servis-hizmeti-yedek-parca\/\" \/>\n<meta property=\"og:locale\" content=\"tr_TR\" \/>\n<meta property=\"og:type\" content=\"article\" \/>\n<meta property=\"og:title\" content=\"\u00c7elik Has\u0131r Kaynak Makinesi - MESHWELD Machine Turkey\" \/>\n<meta property=\"og:description\" content=\"Wire mesh welding machine mesh weld welding machine and pre-feed unit manual or semi automatic and automatic turning stacking unit steel mesh\" \/>\n<meta property=\"og:url\" content=\"https:\/\/meshweld.com\/tr\/celik-hasir-kaynak-makineler\/celik-hasir-kaynak-makinesi-turkiye-servis-hizmeti-yedek-parca\/\" \/>\n<meta property=\"og:site_name\" content=\"MESHWELD\" \/>\n<meta property=\"article:publisher\" content=\"https:\/\/www.facebook.com\/meshweld\" \/>\n<meta property=\"article:modified_time\" content=\"2024-08-01T10:26:24+00:00\" \/>\n<meta name=\"twitter:card\" content=\"summary_large_image\" \/>\n<meta name=\"twitter:label1\" content=\"Tahmini okuma s\u00fcresi\" \/>\n\t<meta name=\"twitter:data1\" content=\"1 dakika\" \/>\n<script type=\"application\/ld+json\" class=\"yoast-schema-graph\">{\"@context\":\"https:\/\/schema.org\",\"@graph\":[{\"@type\":\"WebPage\",\"@id\":\"https:\/\/meshweld.com\/tr\/celik-hasir-kaynak-makineler\/celik-hasir-kaynak-makinesi-turkiye-servis-hizmeti-yedek-parca\/\",\"url\":\"https:\/\/meshweld.com\/tr\/celik-hasir-kaynak-makineler\/celik-hasir-kaynak-makinesi-turkiye-servis-hizmeti-yedek-parca\/\",\"name\":\"\u00c7elik Has\u0131r Kaynak Makinesi - MESHWELD Machine Turkey\",\"isPartOf\":{\"@id\":\"https:\/\/meshweld.com\/#website\"},\"datePublished\":\"2016-01-13T15:48:37+00:00\",\"dateModified\":\"2024-08-01T10:26:24+00:00\",\"description\":\"Wire mesh welding machine mesh weld welding machine and pre-feed unit manual or semi automatic and automatic turning stacking unit steel mesh\",\"breadcrumb\":{\"@id\":\"https:\/\/meshweld.com\/tr\/celik-hasir-kaynak-makineler\/celik-hasir-kaynak-makinesi-turkiye-servis-hizmeti-yedek-parca\/#breadcrumb\"},\"inLanguage\":\"tr\",\"potentialAction\":[{\"@type\":\"ReadAction\",\"target\":[\"https:\/\/meshweld.com\/tr\/celik-hasir-kaynak-makineler\/celik-hasir-kaynak-makinesi-turkiye-servis-hizmeti-yedek-parca\/\"]}]},{\"@type\":\"BreadcrumbList\",\"@id\":\"https:\/\/meshweld.com\/tr\/celik-hasir-kaynak-makineler\/celik-hasir-kaynak-makinesi-turkiye-servis-hizmeti-yedek-parca\/#breadcrumb\",\"itemListElement\":[{\"@type\":\"ListItem\",\"position\":1,\"name\":\"Home\",\"item\":\"https:\/\/meshweld.com\/tr\/\"},{\"@type\":\"ListItem\",\"position\":2,\"name\":\"Makineler ve Hizmetler\",\"item\":\"https:\/\/meshweld.com\/tr\/celik-hasir-kaynak-makineler\/\"},{\"@type\":\"ListItem\",\"position\":3,\"name\":\"Hizmetler\"}]},{\"@type\":\"WebSite\",\"@id\":\"https:\/\/meshweld.com\/#website\",\"url\":\"https:\/\/meshweld.com\/\",\"name\":\"Meshweld\",\"description\":\"Mesh Welding Machine\",\"publisher\":{\"@id\":\"https:\/\/meshweld.com\/#organization\"},\"potentialAction\":[{\"@type\":\"SearchAction\",\"target\":{\"@type\":\"EntryPoint\",\"urlTemplate\":\"https:\/\/meshweld.com\/?s={search_term_string}\"},\"query-input\":{\"@type\":\"PropertyValueSpecification\",\"valueRequired\":true,\"valueName\":\"search_term_string\"}}],\"inLanguage\":\"tr\"},{\"@type\":\"Organization\",\"@id\":\"https:\/\/meshweld.com\/#organization\",\"name\":\"Meshweld - Wire Mesh Welding Machines\",\"url\":\"https:\/\/meshweld.com\/\",\"logo\":{\"@type\":\"ImageObject\",\"inLanguage\":\"tr\",\"@id\":\"https:\/\/meshweld.com\/#\/schema\/logo\/image\/\",\"url\":\"https:\/\/meshweld.com\/wp-content\/uploads\/meshweld-logo-blue.jpg\",\"contentUrl\":\"https:\/\/meshweld.com\/wp-content\/uploads\/meshweld-logo-blue.jpg\",\"width\":423,\"height\":356,\"caption\":\"Meshweld - Wire Mesh Welding Machines\"},\"image\":{\"@id\":\"https:\/\/meshweld.com\/#\/schema\/logo\/image\/\"},\"sameAs\":[\"https:\/\/www.facebook.com\/meshweld\",\"https:\/\/www.instagram.com\/meshweld\/\",\"https:\/\/www.linkedin.com\/company\/meshweld\/\",\"https:\/\/www.youtube.com\/channel\/UC37WTuCJ5oQzh-j1rCiH4nQ\/videos\"]}]}<\/script>\n<!-- \/ Yoast SEO plugin. -->","yoast_head_json":{"title":"\u00c7elik Has\u0131r Kaynak Makinesi - MESHWELD Machine Turkey","description":"Wire mesh welding machine mesh weld welding machine and pre-feed unit manual or semi automatic and automatic turning stacking unit steel mesh","robots":{"index":"index","follow":"follow","max-snippet":"max-snippet:-1","max-image-preview":"max-image-preview:large","max-video-preview":"max-video-preview:-1"},"canonical":"https:\/\/meshweld.com\/tr\/celik-hasir-kaynak-makineler\/celik-hasir-kaynak-makinesi-turkiye-servis-hizmeti-yedek-parca\/","og_locale":"tr_TR","og_type":"article","og_title":"\u00c7elik Has\u0131r Kaynak Makinesi - MESHWELD Machine Turkey","og_description":"Wire mesh welding machine mesh weld welding machine and pre-feed unit manual or semi automatic and automatic turning stacking unit steel mesh","og_url":"https:\/\/meshweld.com\/tr\/celik-hasir-kaynak-makineler\/celik-hasir-kaynak-makinesi-turkiye-servis-hizmeti-yedek-parca\/","og_site_name":"MESHWELD","article_publisher":"https:\/\/www.facebook.com\/meshweld","article_modified_time":"2024-08-01T10:26:24+00:00","twitter_card":"summary_large_image","twitter_misc":{"Tahmini okuma s\u00fcresi":"1 dakika"},"schema":{"@context":"https:\/\/schema.org","@graph":[{"@type":"WebPage","@id":"https:\/\/meshweld.com\/tr\/celik-hasir-kaynak-makineler\/celik-hasir-kaynak-makinesi-turkiye-servis-hizmeti-yedek-parca\/","url":"https:\/\/meshweld.com\/tr\/celik-hasir-kaynak-makineler\/celik-hasir-kaynak-makinesi-turkiye-servis-hizmeti-yedek-parca\/","name":"\u00c7elik Has\u0131r Kaynak Makinesi - MESHWELD Machine Turkey","isPartOf":{"@id":"https:\/\/meshweld.com\/#website"},"datePublished":"2016-01-13T15:48:37+00:00","dateModified":"2024-08-01T10:26:24+00:00","description":"Wire mesh welding machine mesh weld welding machine and pre-feed unit manual or semi automatic and automatic turning stacking unit steel mesh","breadcrumb":{"@id":"https:\/\/meshweld.com\/tr\/celik-hasir-kaynak-makineler\/celik-hasir-kaynak-makinesi-turkiye-servis-hizmeti-yedek-parca\/#breadcrumb"},"inLanguage":"tr","potentialAction":[{"@type":"ReadAction","target":["https:\/\/meshweld.com\/tr\/celik-hasir-kaynak-makineler\/celik-hasir-kaynak-makinesi-turkiye-servis-hizmeti-yedek-parca\/"]}]},{"@type":"BreadcrumbList","@id":"https:\/\/meshweld.com\/tr\/celik-hasir-kaynak-makineler\/celik-hasir-kaynak-makinesi-turkiye-servis-hizmeti-yedek-parca\/#breadcrumb","itemListElement":[{"@type":"ListItem","position":1,"name":"Home","item":"https:\/\/meshweld.com\/tr\/"},{"@type":"ListItem","position":2,"name":"Makineler ve Hizmetler","item":"https:\/\/meshweld.com\/tr\/celik-hasir-kaynak-makineler\/"},{"@type":"ListItem","position":3,"name":"Hizmetler"}]},{"@type":"WebSite","@id":"https:\/\/meshweld.com\/#website","url":"https:\/\/meshweld.com\/","name":"Meshweld","description":"Mesh Welding Machine","publisher":{"@id":"https:\/\/meshweld.com\/#organization"},"potentialAction":[{"@type":"SearchAction","target":{"@type":"EntryPoint","urlTemplate":"https:\/\/meshweld.com\/?s={search_term_string}"},"query-input":{"@type":"PropertyValueSpecification","valueRequired":true,"valueName":"search_term_string"}}],"inLanguage":"tr"},{"@type":"Organization","@id":"https:\/\/meshweld.com\/#organization","name":"Meshweld - Wire Mesh Welding Machines","url":"https:\/\/meshweld.com\/","logo":{"@type":"ImageObject","inLanguage":"tr","@id":"https:\/\/meshweld.com\/#\/schema\/logo\/image\/","url":"https:\/\/meshweld.com\/wp-content\/uploads\/meshweld-logo-blue.jpg","contentUrl":"https:\/\/meshweld.com\/wp-content\/uploads\/meshweld-logo-blue.jpg","width":423,"height":356,"caption":"Meshweld - Wire Mesh Welding Machines"},"image":{"@id":"https:\/\/meshweld.com\/#\/schema\/logo\/image\/"},"sameAs":["https:\/\/www.facebook.com\/meshweld","https:\/\/www.instagram.com\/meshweld\/","https:\/\/www.linkedin.com\/company\/meshweld\/","https:\/\/www.youtube.com\/channel\/UC37WTuCJ5oQzh-j1rCiH4nQ\/videos"]}]}},"jetpack_sharing_enabled":true,"_links":{"self":[{"href":"https:\/\/meshweld.com\/tr\/wp-json\/wp\/v2\/pages\/558","targetHints":{"allow":["GET"]}}],"collection":[{"href":"https:\/\/meshweld.com\/tr\/wp-json\/wp\/v2\/pages"}],"about":[{"href":"https:\/\/meshweld.com\/tr\/wp-json\/wp\/v2\/types\/page"}],"author":[{"embeddable":true,"href":"https:\/\/meshweld.com\/tr\/wp-json\/wp\/v2\/users\/1"}],"replies":[{"embeddable":true,"href":"https:\/\/meshweld.com\/tr\/wp-json\/wp\/v2\/comments?post=558"}],"version-history":[{"count":5,"href":"https:\/\/meshweld.com\/tr\/wp-json\/wp\/v2\/pages\/558\/revisions"}],"predecessor-version":[{"id":12421,"href":"https:\/\/meshweld.com\/tr\/wp-json\/wp\/v2\/pages\/558\/revisions\/12421"}],"up":[{"embeddable":true,"href":"https:\/\/meshweld.com\/tr\/wp-json\/wp\/v2\/pages\/614"}],"wp:attachment":[{"href":"https:\/\/meshweld.com\/tr\/wp-json\/wp\/v2\/media?parent=558"}],"curies":[{"name":"wp","href":"https:\/\/api.w.org\/{rel}","templated":true}]}}