{"id":1503,"date":"2017-02-09T14:30:39","date_gmt":"2017-02-09T11:30:39","guid":{"rendered":"http:\/\/consult.loc\/?page_id=1503"},"modified":"2025-07-02T10:01:18","modified_gmt":"2025-07-02T07:01:18","slug":"meshwelding","status":"publish","type":"page","link":"https:\/\/meshweld.com\/tr\/hakkimizda\/meshwelding\/","title":{"rendered":"M\u00fc\u015fterilerimiz"},"content":{"rendered":"<p>[vc_row full_height=&#8221;yes&#8221; columns_placement=&#8221;stretch&#8221; css_animation=&#8221;none&#8221; css=&#8221;.vc_custom_1604911763067{margin-right: 0px !important;margin-bottom: 50px !important;margin-left: 0px !important;background-image: url(https:\/\/meshweld.com\/wp-content\/uploads\/tn_genel-musteri-haritasi.png?id=9530) !important;background-position: center !important;background-repeat: no-repeat !important;background-size: cover !important;}&#8221;][vc_column css=&#8221;.vc_custom_1601719156065{background-image: url(https:\/\/meshweld.com\/wp-content\/uploads\/2019\/09\/Customer.png?id=7381) !important;background-position: center !important;background-repeat: no-repeat !important;background-size: cover !important;}&#8221;][vc_row_inner css=&#8221;.vc_custom_1485768753869{padding-top: 40px !important;padding-right: 40px !important;padding-bottom: 40px !important;padding-left: 40px !important;}&#8221; el_class=&#8221;mobile_no_paddings&#8221;][vc_column_inner el_class=&#8221;mobile_no_paddings&#8221; css=&#8221;.vc_custom_1486650450074{padding-top: 52px !important;padding-right: 30px !important;padding-bottom: 50px !important;padding-left: 40px !important;background-color: rgba(9,8,33,0.9) !important;*background-color: rgb(9,8,33) !important;}&#8221; offset=&#8221;vc_col-lg-5&#8243;][stm_quote box_color=&#8221;third&#8221; quote_text=&#8221;&#8221; image=&#8221;4018&#8243; img_size=&#8221;48&#215;48&#8243; author_name=&#8221;MESHWELD&#8221; author_status=&#8221;T\u00fcrkiye Ofis&#8221; quote=&#8221;\u201cDetayl\u0131 bilgi i\u00e7in bizimle ileti\u015fime ge\u00e7in.\u201d<\/p>\n<p>sales@meshweld.com&#8221;][\/vc_column_inner][vc_column_inner width=&#8221;7\/12&#8243; offset=&#8221;vc_hidden-md vc_hidden-sm vc_hidden-xs&#8221;][\/vc_column_inner][\/vc_row_inner][\/vc_column][\/vc_row][vc_row css=&#8221;.vc_custom_1485757244346{margin-bottom: 90px !important;}&#8221;][vc_column offset=&#8221;vc_col-lg-6 vc_col-md-12&#8243;][vc_custom_heading text=&#8221;M\u00fc\u015fterilerimiz&#8221; font_container=&#8221;tag:h3|text_align:left&#8221; google_fonts=&#8221;font_family:Montserrat%3Aregular%2C700|font_style:700%20bold%20regular%3A700%3Anormal&#8221; css=&#8221;.vc_custom_1601720386271{margin-bottom: 29px !important;}&#8221;][vc_column_text css=&#8221;.vc_custom_1602239116531{margin-bottom: 25px !important;}&#8221;]M\u00fc\u015fterilerimizin bize duydu\u011fu g\u00fcven sayesinde her ge\u00e7en g\u00fcn b\u00fcy\u00fcmeye devam ediyoruz.[\/vc_column_text][vc_column_text]<span style=\"line-height: 22px;\">\u00c7elik Has\u0131r \u00fcretimi yapan veya \u00fcretim tesisi kurmak isteyen t\u00fcm firmalara, \u00f6nceki m\u00fc\u015fterilerimizi \u00f6rnek g\u00f6steriyoruz.<\/span><\/p>\n<p><span style=\"line-height: 22px;\"><br \/>\nBizden \u00c7elik Has\u0131r Kaynak makinesi alm\u0131\u015f m\u00fc\u015fterilerimiz i\u00e7erisinde\u00a0 2nci, 3nc\u00fc makinalar\u0131n\u0131 al\u0131p kapasite artt\u0131rm\u0131\u015f olanlar ve farkl\u0131 \u015fehirlerde yeni fabrika kuranlar vard\u0131r.<\/span>[\/vc_column_text][\/vc_column][vc_column width=&#8221;1\/3&#8243; css=&#8221;.vc_custom_1485759922503{padding-right: 0px !important;padding-left: 0px !important;}&#8221; offset=&#8221;vc_col-lg-2 vc_col-md-4 vc_col-xs-12&#8243;][stm_spacing lg_spacing=&#8221;50px&#8221;][vc_pie value=&#8221;67&#8243; label_value=&#8221;67&#8243; color=&#8221;custom&#8221; title=&#8221;Yurtd\u0131\u015f\u0131 Makine Sat\u0131\u015flar\u0131&#8221; units=&#8221;%&#8221; custom_color=&#8221;#ed3b17&#8243; css=&#8221;.vc_custom_1689315214740{padding-top: 45px !important;}&#8221;][\/vc_column][vc_column width=&#8221;1\/3&#8243; css=&#8221;.vc_custom_1485759931037{padding-right: 0px !important;padding-left: 0px !important;}&#8221; offset=&#8221;vc_col-lg-2 vc_col-md-4 vc_col-xs-12&#8243;][stm_spacing lg_spacing=&#8221;50px&#8221;][vc_pie value=&#8221;24&#8243; label_value=&#8221;24&#8243; color=&#8221;custom&#8221; title=&#8221;Yurti\u00e7i Makine Sat\u0131\u015flar\u0131&#8221; units=&#8221;%&#8221; custom_color=&#8221;#2362e0&#8243; css=&#8221;.vc_custom_1689315223452{padding-top: 45px !important;}&#8221;][vc_column_text][\/vc_column_text][\/vc_column][vc_column width=&#8221;1\/3&#8243; css=&#8221;.vc_custom_1485759938903{padding-right: 0px !important;padding-left: 0px !important;}&#8221; offset=&#8221;vc_col-lg-2 vc_col-md-4 vc_col-xs-12&#8243;][stm_spacing lg_spacing=&#8221;50px&#8221;][vc_pie value=&#8221;9&#8243; label_value=&#8221;9&#8243; color=&#8221;custom&#8221; title=&#8221;Eski Makine Yenileme&#8221; units=&#8221;%&#8221; custom_color=&#8221;#20cc23&#8243; css=&#8221;.vc_custom_1689315231965{padding-top: 45px !important;}&#8221;][\/vc_column][\/vc_row][vc_row full_width=&#8221;stretch_row&#8221; css=&#8221;.vc_custom_1485759536261{margin-bottom: 0px !important;padding-top: 56px !important;background-color: #f2f2f2 !important;}&#8221;][vc_column][vc_custom_heading text=&#8221;Bizim uzmanl\u0131\u011f\u0131m\u0131z sizin kazanc\u0131n\u0131z&#8221; font_container=&#8221;tag:h3|text_align:center&#8221; google_fonts=&#8221;font_family:Montserrat%3Aregular%2C700|font_style:700%20bold%20regular%3A700%3Anormal&#8221; css=&#8221;.vc_custom_1602744368976{margin-bottom: 39px !important;}&#8221;][\/vc_column][\/vc_row][vc_row full_width=&#8221;stretch_row&#8221; css=&#8221;.vc_custom_1485759472603{padding-bottom: 35px !important;background-color: #f2f2f2 !important;}&#8221;][vc_column offset=&#8221;vc_col-lg-4&#8243;][stm_icon_box hide_title_line=&#8221;hide_title_line&#8221; icon=&#8221;fas fa-tools&#8221; style=&#8221;icon_left&#8221; icon_size=&#8221;22&#8243; icon_color=&#8221;custom&#8221; icon_width=&#8221;70&#8243; title=&#8221;MEKAN\u0130K TASARIM&#8221; title_font_size=&#8221;22&#8243; title_line_height=&#8221;46&#8243; icon_color_custom=&#8221;#ffffff&#8221; css=&#8221;.vc_custom_1602744167651{margin-bottom: 24px !important;}&#8221;][\/stm_icon_box][stm_icon_box hide_title_line=&#8221;hide_title_line&#8221; icon=&#8221;fas fa-hand-holding-usd&#8221; style=&#8221;icon_left&#8221; icon_size=&#8221;30&#8243; icon_color=&#8221;custom&#8221; icon_width=&#8221;70&#8243; title=&#8221;HE TRAFO&#8221; title_font_size=&#8221;22&#8243; title_line_height=&#8221;46&#8243; icon_color_custom=&#8221;#ffffff&#8221; css=&#8221;.vc_custom_1610713466898{margin-bottom: 24px !important;}&#8221;][\/stm_icon_box][\/vc_column][vc_column offset=&#8221;vc_col-lg-4&#8243;][stm_icon_box hide_title_line=&#8221;hide_title_line&#8221; icon=&#8221;fas fa-industry&#8221; style=&#8221;icon_left&#8221; icon_size=&#8221;22&#8243; icon_color=&#8221;custom&#8221; icon_width=&#8221;70&#8243; title=&#8221;\u00dcRET\u0130M&#8221; title_font_size=&#8221;22&#8243; title_line_height=&#8221;46&#8243; icon_color_custom=&#8221;#ffffff&#8221; css=&#8221;.vc_custom_1602744265115{margin-bottom: 24px !important;}&#8221;][\/stm_icon_box][stm_icon_box hide_title_line=&#8221;hide_title_line&#8221; icon=&#8221;fas fa-crop-alt&#8221; style=&#8221;icon_left&#8221; icon_size=&#8221;30&#8243; icon_color=&#8221;custom&#8221; icon_width=&#8221;70&#8243; title=&#8221;KAYNAK TEKNOLOJ\u0130S\u0130&#8221; title_font_size=&#8221;22&#8243; title_line_height=&#8221;46&#8243; icon_color_custom=&#8221;#ffffff&#8221; css=&#8221;.vc_custom_1610713427127{margin-bottom: 24px !important;}&#8221;][\/stm_icon_box][\/vc_column][vc_column offset=&#8221;vc_col-lg-4&#8243;][stm_icon_box hide_title_line=&#8221;hide_title_line&#8221; icon=&#8221;fas fa-laptop-code&#8221; style=&#8221;icon_left&#8221; icon_size=&#8221;22&#8243; icon_color=&#8221;custom&#8221; icon_width=&#8221;70&#8243; title=&#8221;OTOMASYON&#8221; title_font_size=&#8221;22&#8243; title_line_height=&#8221;46&#8243; icon_color_custom=&#8221;#ffffff&#8221; css=&#8221;.vc_custom_1610713364940{margin-bottom: 24px !important;}&#8221;][\/stm_icon_box][stm_icon_box hide_title_line=&#8221;hide_title_line&#8221; icon=&#8221;fas fa-sync-alt&#8221; style=&#8221;icon_left&#8221; icon_size=&#8221;30&#8243; icon_color=&#8221;custom&#8221; icon_width=&#8221;70&#8243; title=&#8221;ESK\u0130 MAK\u0130NE YEN\u0130LEME&#8221; title_font_size=&#8221;22&#8243; title_line_height=&#8221;46&#8243; icon_color_custom=&#8221;#ffffff&#8221; css=&#8221;.vc_custom_1602744651666{margin-bottom: 24px !important;}&#8221;][\/stm_icon_box][\/vc_column][\/vc_row][vc_row full_width=&#8221;stretch_row&#8221; parallax=&#8221;content-moving-fade&#8221; parallax_image=&#8221;1570&#8243; css=&#8221;.vc_custom_1487079586662{margin-bottom: 36px !important;padding-top: 67px !important;padding-bottom: 70px !important;}&#8221; el_class=&#8221;base_bg_color&#8221;][vc_column][stm_image_carousel grayscale=&#8221;yes&#8221; h_centered=&#8221;yes&#8221; img_size=&#8221;full&#8221; autoplay=&#8221;yes&#8221; timeout=&#8221;2500&#8243; loop=&#8221;yes&#8221; items=&#8221;5&#8243; items_small_desktop=&#8221;4&#8243; items_tablet=&#8221;3&#8243; images=&#8221;8960,8962,8964,8966,8968,8970,8972,8974,8976,8978,8980,8982,8984,8986,8989,8991,8993,8995&#8243;][\/vc_column][\/vc_row][vc_row full_width=&#8221;stretch_row&#8221; el_class=&#8221;third_bg_color&#8221; css=&#8221;.vc_custom_1451889219674{margin-bottom: -60px !important;}&#8221;][vc_column offset=&#8221;vc_hidden-lg vc_hidden-md&#8221;][stm_sidebar sidebar=&#8221;8672&#8243;][\/vc_column][\/vc_row]<\/p>\n","protected":false},"excerpt":{"rendered":"<p>[vc_row full_height=&#8221;yes&#8221; columns_placement=&#8221;stretch&#8221; css_animation=&#8221;none&#8221; css=&#8221;.vc_custom_1604911763067{margin-right: 0px !important;margin-bottom: 50px !important;margin-left: 0px !important;background-image: url(https:\/\/meshweld.com\/wp-content\/uploads\/tn_genel-musteri-haritasi.png?id=9530) !important;background-position: center !important;background-repeat: no-repeat !important;background-size: cover !important;}&#8221;][vc_column css=&#8221;.vc_custom_1601719156065{background-image: url(https:\/\/meshweld.com\/wp-content\/uploads\/2019\/09\/Customer.png?id=7381) !important;background-position: center !important;background-repeat: no-repeat !important;background-size: cover !important;}&#8221;][vc_row_inner css=&#8221;.vc_custom_1485768753869{padding-top: 40px !important;padding-right: 40px !important;padding-bottom: 40px !important;padding-left: 40px !important;}&#8221; el_class=&#8221;mobile_no_paddings&#8221;][vc_column_inner el_class=&#8221;mobile_no_paddings&#8221; css=&#8221;.vc_custom_1486650450074{padding-top: 52px !important;padding-right: 30px !important;padding-bottom: 50px !important;padding-left: 40px !important;background-color: rgba(9,8,33,0.9) !important;*background-color: rgb(9,8,33) !important;}&#8221; offset=&#8221;vc_col-lg-5&#8243;][stm_quote box_color=&#8221;third&#8221; quote_text=&#8221;&#8221;<\/p>\n","protected":false},"author":1,"featured_media":0,"parent":9,"menu_order":0,"comment_status":"closed","ping_status":"closed","template":"","meta":{"footnotes":""},"class_list":["post-1503","page","type-page","status-publish","hentry"],"yoast_head":"<!-- This site is optimized with the Yoast SEO plugin v23.8 - https:\/\/yoast.com\/wordpress\/plugins\/seo\/ -->\n<title>Wire Mesh Welding Machine - MESHWELD Machine Turkey<\/title>\n<meta name=\"description\" content=\"Wire mesh welding machine mesh weld welding machine and pre-feed unit manual or semi automatic and automatic turning stacking unit steel mesh\" \/>\n<meta name=\"robots\" content=\"index, follow, max-snippet:-1, max-image-preview:large, max-video-preview:-1\" \/>\n<link rel=\"canonical\" href=\"https:\/\/meshweld.com\/tr\/hakkimizda\/meshwelding\/\" \/>\n<meta property=\"og:locale\" content=\"tr_TR\" \/>\n<meta property=\"og:type\" content=\"article\" \/>\n<meta property=\"og:title\" content=\"Wire Mesh Welding Machine - MESHWELD Machine Turkey\" \/>\n<meta property=\"og:description\" content=\"Wire mesh welding machine mesh weld welding machine and pre-feed unit manual or semi automatic and automatic turning stacking unit steel mesh\" \/>\n<meta property=\"og:url\" content=\"https:\/\/meshweld.com\/tr\/hakkimizda\/meshwelding\/\" \/>\n<meta property=\"og:site_name\" content=\"MESHWELD\" \/>\n<meta property=\"article:publisher\" content=\"https:\/\/www.facebook.com\/meshweld\" \/>\n<meta property=\"article:modified_time\" content=\"2025-07-02T07:01:18+00:00\" \/>\n<meta name=\"twitter:card\" content=\"summary_large_image\" \/>\n<meta name=\"twitter:label1\" content=\"Tahmini okuma s\u00fcresi\" \/>\n\t<meta name=\"twitter:data1\" content=\"2 dakika\" \/>\n<script type=\"application\/ld+json\" class=\"yoast-schema-graph\">{\"@context\":\"https:\/\/schema.org\",\"@graph\":[{\"@type\":\"WebPage\",\"@id\":\"https:\/\/meshweld.com\/tr\/hakkimizda\/meshwelding\/\",\"url\":\"https:\/\/meshweld.com\/tr\/hakkimizda\/meshwelding\/\",\"name\":\"Wire Mesh Welding Machine - MESHWELD Machine Turkey\",\"isPartOf\":{\"@id\":\"https:\/\/meshweld.com\/#website\"},\"datePublished\":\"2017-02-09T11:30:39+00:00\",\"dateModified\":\"2025-07-02T07:01:18+00:00\",\"description\":\"Wire mesh welding machine mesh weld welding machine and pre-feed unit manual or semi automatic and automatic turning stacking unit steel mesh\",\"breadcrumb\":{\"@id\":\"https:\/\/meshweld.com\/tr\/hakkimizda\/meshwelding\/#breadcrumb\"},\"inLanguage\":\"tr\",\"potentialAction\":[{\"@type\":\"ReadAction\",\"target\":[\"https:\/\/meshweld.com\/tr\/hakkimizda\/meshwelding\/\"]}]},{\"@type\":\"BreadcrumbList\",\"@id\":\"https:\/\/meshweld.com\/tr\/hakkimizda\/meshwelding\/#breadcrumb\",\"itemListElement\":[{\"@type\":\"ListItem\",\"position\":1,\"name\":\"Home\",\"item\":\"https:\/\/meshweld.com\/tr\/\"},{\"@type\":\"ListItem\",\"position\":2,\"name\":\"Hakk\u0131m\u0131zda\",\"item\":\"https:\/\/meshweld.com\/tr\/hakkimizda\/\"},{\"@type\":\"ListItem\",\"position\":3,\"name\":\"M\u00fc\u015fterilerimiz\"}]},{\"@type\":\"WebSite\",\"@id\":\"https:\/\/meshweld.com\/#website\",\"url\":\"https:\/\/meshweld.com\/\",\"name\":\"Meshweld\",\"description\":\"Mesh Welding Machine\",\"publisher\":{\"@id\":\"https:\/\/meshweld.com\/#organization\"},\"potentialAction\":[{\"@type\":\"SearchAction\",\"target\":{\"@type\":\"EntryPoint\",\"urlTemplate\":\"https:\/\/meshweld.com\/?s={search_term_string}\"},\"query-input\":{\"@type\":\"PropertyValueSpecification\",\"valueRequired\":true,\"valueName\":\"search_term_string\"}}],\"inLanguage\":\"tr\"},{\"@type\":\"Organization\",\"@id\":\"https:\/\/meshweld.com\/#organization\",\"name\":\"Meshweld - Wire Mesh Welding Machines\",\"url\":\"https:\/\/meshweld.com\/\",\"logo\":{\"@type\":\"ImageObject\",\"inLanguage\":\"tr\",\"@id\":\"https:\/\/meshweld.com\/#\/schema\/logo\/image\/\",\"url\":\"https:\/\/meshweld.com\/wp-content\/uploads\/meshweld-logo-blue.jpg\",\"contentUrl\":\"https:\/\/meshweld.com\/wp-content\/uploads\/meshweld-logo-blue.jpg\",\"width\":423,\"height\":356,\"caption\":\"Meshweld - Wire Mesh Welding Machines\"},\"image\":{\"@id\":\"https:\/\/meshweld.com\/#\/schema\/logo\/image\/\"},\"sameAs\":[\"https:\/\/www.facebook.com\/meshweld\",\"https:\/\/www.instagram.com\/meshweld\/\",\"https:\/\/www.linkedin.com\/company\/meshweld\/\",\"https:\/\/www.youtube.com\/channel\/UC37WTuCJ5oQzh-j1rCiH4nQ\/videos\"]}]}<\/script>\n<!-- \/ Yoast SEO plugin. -->","yoast_head_json":{"title":"Wire Mesh Welding Machine - MESHWELD Machine Turkey","description":"Wire mesh welding machine mesh weld welding machine and pre-feed unit manual or semi automatic and automatic turning stacking unit steel mesh","robots":{"index":"index","follow":"follow","max-snippet":"max-snippet:-1","max-image-preview":"max-image-preview:large","max-video-preview":"max-video-preview:-1"},"canonical":"https:\/\/meshweld.com\/tr\/hakkimizda\/meshwelding\/","og_locale":"tr_TR","og_type":"article","og_title":"Wire Mesh Welding Machine - MESHWELD Machine Turkey","og_description":"Wire mesh welding machine mesh weld welding machine and pre-feed unit manual or semi automatic and automatic turning stacking unit steel mesh","og_url":"https:\/\/meshweld.com\/tr\/hakkimizda\/meshwelding\/","og_site_name":"MESHWELD","article_publisher":"https:\/\/www.facebook.com\/meshweld","article_modified_time":"2025-07-02T07:01:18+00:00","twitter_card":"summary_large_image","twitter_misc":{"Tahmini okuma s\u00fcresi":"2 dakika"},"schema":{"@context":"https:\/\/schema.org","@graph":[{"@type":"WebPage","@id":"https:\/\/meshweld.com\/tr\/hakkimizda\/meshwelding\/","url":"https:\/\/meshweld.com\/tr\/hakkimizda\/meshwelding\/","name":"Wire Mesh Welding Machine - MESHWELD Machine Turkey","isPartOf":{"@id":"https:\/\/meshweld.com\/#website"},"datePublished":"2017-02-09T11:30:39+00:00","dateModified":"2025-07-02T07:01:18+00:00","description":"Wire mesh welding machine mesh weld welding machine and pre-feed unit manual or semi automatic and automatic turning stacking unit steel mesh","breadcrumb":{"@id":"https:\/\/meshweld.com\/tr\/hakkimizda\/meshwelding\/#breadcrumb"},"inLanguage":"tr","potentialAction":[{"@type":"ReadAction","target":["https:\/\/meshweld.com\/tr\/hakkimizda\/meshwelding\/"]}]},{"@type":"BreadcrumbList","@id":"https:\/\/meshweld.com\/tr\/hakkimizda\/meshwelding\/#breadcrumb","itemListElement":[{"@type":"ListItem","position":1,"name":"Home","item":"https:\/\/meshweld.com\/tr\/"},{"@type":"ListItem","position":2,"name":"Hakk\u0131m\u0131zda","item":"https:\/\/meshweld.com\/tr\/hakkimizda\/"},{"@type":"ListItem","position":3,"name":"M\u00fc\u015fterilerimiz"}]},{"@type":"WebSite","@id":"https:\/\/meshweld.com\/#website","url":"https:\/\/meshweld.com\/","name":"Meshweld","description":"Mesh Welding Machine","publisher":{"@id":"https:\/\/meshweld.com\/#organization"},"potentialAction":[{"@type":"SearchAction","target":{"@type":"EntryPoint","urlTemplate":"https:\/\/meshweld.com\/?s={search_term_string}"},"query-input":{"@type":"PropertyValueSpecification","valueRequired":true,"valueName":"search_term_string"}}],"inLanguage":"tr"},{"@type":"Organization","@id":"https:\/\/meshweld.com\/#organization","name":"Meshweld - Wire Mesh Welding Machines","url":"https:\/\/meshweld.com\/","logo":{"@type":"ImageObject","inLanguage":"tr","@id":"https:\/\/meshweld.com\/#\/schema\/logo\/image\/","url":"https:\/\/meshweld.com\/wp-content\/uploads\/meshweld-logo-blue.jpg","contentUrl":"https:\/\/meshweld.com\/wp-content\/uploads\/meshweld-logo-blue.jpg","width":423,"height":356,"caption":"Meshweld - Wire Mesh Welding Machines"},"image":{"@id":"https:\/\/meshweld.com\/#\/schema\/logo\/image\/"},"sameAs":["https:\/\/www.facebook.com\/meshweld","https:\/\/www.instagram.com\/meshweld\/","https:\/\/www.linkedin.com\/company\/meshweld\/","https:\/\/www.youtube.com\/channel\/UC37WTuCJ5oQzh-j1rCiH4nQ\/videos"]}]}},"jetpack_sharing_enabled":true,"_links":{"self":[{"href":"https:\/\/meshweld.com\/tr\/wp-json\/wp\/v2\/pages\/1503","targetHints":{"allow":["GET"]}}],"collection":[{"href":"https:\/\/meshweld.com\/tr\/wp-json\/wp\/v2\/pages"}],"about":[{"href":"https:\/\/meshweld.com\/tr\/wp-json\/wp\/v2\/types\/page"}],"author":[{"embeddable":true,"href":"https:\/\/meshweld.com\/tr\/wp-json\/wp\/v2\/users\/1"}],"replies":[{"embeddable":true,"href":"https:\/\/meshweld.com\/tr\/wp-json\/wp\/v2\/comments?post=1503"}],"version-history":[{"count":13,"href":"https:\/\/meshweld.com\/tr\/wp-json\/wp\/v2\/pages\/1503\/revisions"}],"predecessor-version":[{"id":12447,"href":"https:\/\/meshweld.com\/tr\/wp-json\/wp\/v2\/pages\/1503\/revisions\/12447"}],"up":[{"embeddable":true,"href":"https:\/\/meshweld.com\/tr\/wp-json\/wp\/v2\/pages\/9"}],"wp:attachment":[{"href":"https:\/\/meshweld.com\/tr\/wp-json\/wp\/v2\/media?parent=1503"}],"curies":[{"name":"wp","href":"https:\/\/api.w.org\/{rel}","templated":true}]}}