{"id":11,"date":"2015-12-15T07:37:48","date_gmt":"2015-12-15T05:37:48","guid":{"rendered":"http:\/\/consulting.stylemixthemes.com\/?page_id=11"},"modified":"2023-03-10T09:01:58","modified_gmt":"2023-03-10T06:01:58","slug":"iletisim","status":"publish","type":"page","link":"https:\/\/meshweld.com\/tr\/hakkimizda\/iletisim\/","title":{"rendered":"\u0130leti\u015fim"},"content":{"rendered":"<p>[vc_row css=&#8221;.vc_custom_1459507872760{margin-bottom: 101px !important;}&#8221;][vc_column][vc_tta_tabs shape=&#8221;square&#8221; spacing=&#8221;&#8221; active_section=&#8221;1&#8243; no_fill_content_area=&#8221;true&#8221; el_class=&#8221;theme_style&#8221;][vc_tta_section title=&#8221;T\u00fcrkiye Fabrika&#8221; tab_id=&#8221;1452509683679-b4680d19-a860&#8243;][vc_row_inner css=&#8221;.vc_custom_1452504967583{margin-bottom: 33px !important;}&#8221;][vc_column_inner offset=&#8221;vc_col-lg-5&#8243;][vc_gmaps link=&#8221;#E-8_JTNDaWZyYW1lJTIwc3JjJTNEJTIyaHR0cHMlM0ElMkYlMkZ3d3cuZ29vZ2xlLmNvbSUyRm1hcHMlMkZlbWJlZCUzRnBiJTNEJTIxMW0xOCUyMTFtMTIlMjExbTMlMjExZDczNS40NDQ4NjI1MzY0NDA1JTIxMmQyNy4zNDc3OTIwMzc0MzE3NiUyMTNkMzguNjMyNjI3NTY3NTM0NDg1JTIxMm0zJTIxMWYwJTIxMmYwJTIxM2YwJTIxM20yJTIxMWkxMDI0JTIxMmk3NjglMjE0ZjEzLjElMjEzbTMlMjExbTIlMjExczB4MTRiOTgzMjUxMTA3ZjFkOSUyNTNBMHhhZjFjODQxM2VlNzY4NWZmJTIxMnNNZXNod2VsZCUyMTVlMCUyMTNtMiUyMTFzdHIlMjEyc3RyJTIxNHYxNjc4NDI4MDczOTE2JTIxNW0yJTIxMXN0ciUyMTJzdHIlMjIlMjB3aWR0aCUzRCUyMjQ0NSUyMiUyMGhlaWdodCUzRCUyMjI4OSUyMiUyMHN0eWxlJTNEJTIyYm9yZGVyJTNBMCUzQiUyMiUyMGFsbG93ZnVsbHNjcmVlbiUzRCUyMiUyMiUyMGxvYWRpbmclM0QlMjJsYXp5JTIyJTIwcmVmZXJyZXJwb2xpY3klM0QlMjJuby1yZWZlcnJlci13aGVuLWRvd25ncmFkZSUyMiUzRSUzQyUyRmlmcmFtZSUzRQ==&#8221;][stm_spacing][vc_column_text]MESHWELD markas\u0131 SPD END\u00dcSTR\u0130YEL OTOMASYON \u015firketine aittir.[\/vc_column_text][\/vc_column_inner][vc_column_inner offset=&#8221;vc_col-lg-6&#8243;][stm_contacts_widget class=&#8221;overlay_3 color_white&#8221; phone=&#8221;+90 236 606 0 616&#8243; email=&#8221;info@meshweld.com&#8221; css=&#8221;.vc_custom_1602676519455{padding-top: 46px !important;padding-right: 30px !important;padding-bottom: 37px !important;padding-left: 30px !important;background-image: url(http:\/\/consulting.stylemixthemes.com\/demo\/wp-content\/uploads\/sites\/41\/2016\/06\/contact_us_block.jpg?id=4008) !important;background-position: center !important;background-repeat: no-repeat !important;background-size: cover !important;}&#8221; address=&#8221;Muradiye Osb. 17 Sk. No:33<br \/>\n45140 Manisa\/T\u00dcRK\u0130YE&#8221; title=&#8221;MESHWELD&#8221;][\/vc_column_inner][\/vc_row_inner][vc_row_inner][vc_column_inner offset=&#8221;vc_col-lg-8&#8243;][vc_custom_heading text=&#8221;Bize Ula\u015f\u0131n&#8221; font_container=&#8221;tag:h4|text_align:left&#8221; use_theme_fonts=&#8221;yes&#8221; css=&#8221;.vc_custom_1601836911970{margin-bottom: 30px !important;}&#8221;]\n<div class=\"wpcf7 no-js\" id=\"wpcf7-f508-o1\" lang=\"en-US\" dir=\"ltr\" data-wpcf7-id=\"508\">\n<div class=\"screen-reader-response\"><p role=\"status\" aria-live=\"polite\" aria-atomic=\"true\"><\/p> <ul><\/ul><\/div>\n<form action=\"\/tr\/wp-json\/wp\/v2\/pages\/11#wpcf7-f508-o1\" method=\"post\" class=\"wpcf7-form init\" aria-label=\"Contact form\" novalidate=\"novalidate\" data-status=\"init\">\n<div style=\"display: none;\">\n<input type=\"hidden\" name=\"_wpcf7\" value=\"508\" \/>\n<input type=\"hidden\" name=\"_wpcf7_version\" value=\"6.0\" \/>\n<input type=\"hidden\" name=\"_wpcf7_locale\" value=\"en_US\" \/>\n<input type=\"hidden\" name=\"_wpcf7_unit_tag\" value=\"wpcf7-f508-o1\" \/>\n<input type=\"hidden\" name=\"_wpcf7_container_post\" value=\"0\" \/>\n<input type=\"hidden\" name=\"_wpcf7_posted_data_hash\" value=\"\" \/>\n<input type=\"hidden\" name=\"_wpcf7_recaptcha_response\" value=\"\" \/>\n<\/div>\n<div class=\"request_callback\">\n\t<div class=\"row\" style=\"margin: 0 -13px;\">\n\t\t<div class=\"col-lg-6 col-md-6 col-sm-6 col-xs-12\">\n\t\t\t<div class=\"input-group\">\n\t\t\t\t<p><span class=\"wpcf7-form-control-wrap\" data-name=\"text-name\"><input size=\"40\" maxlength=\"400\" class=\"wpcf7-form-control wpcf7-text wpcf7-validates-as-required\" aria-required=\"true\" aria-invalid=\"false\" placeholder=\"Ad\u0131n\u0131z Soyad\u0131n\u0131z *\" value=\"\" type=\"text\" name=\"text-name\" \/><\/span>\n\t\t\t\t<\/p>\n\t\t\t<\/div>\n\t\t\t<div class=\"input-group\">\n\t\t\t\t<p><span class=\"wpcf7-form-control-wrap\" data-name=\"email\"><input size=\"40\" maxlength=\"400\" class=\"wpcf7-form-control wpcf7-email wpcf7-validates-as-required wpcf7-text wpcf7-validates-as-email\" aria-required=\"true\" aria-invalid=\"false\" placeholder=\"E-mail *\" value=\"\" type=\"email\" name=\"email\" \/><\/span>\n\t\t\t\t<\/p>\n\t\t\t<\/div>\n\t\t\t<div class=\"input-group\">\n\t\t\t\t<p><span class=\"wpcf7-form-control-wrap\" data-name=\"phone\"><input size=\"40\" maxlength=\"400\" class=\"wpcf7-form-control wpcf7-tel wpcf7-validates-as-required wpcf7-text wpcf7-validates-as-tel\" aria-required=\"true\" aria-invalid=\"false\" placeholder=\"Telefon *\" value=\"\" type=\"tel\" name=\"phone\" \/><\/span>\n\t\t\t\t<\/p>\n\t\t\t<\/div>\n\t\t<\/div>\n\t\t<div class=\"col-lg-6 col-md-6 col-sm-6 col-xs-12\">\n\t\t\t<div class=\"input-group\">\n\t\t\t\t<p><span class=\"wpcf7-form-control-wrap\" data-name=\"message\"><textarea cols=\"40\" rows=\"10\" maxlength=\"2000\" class=\"wpcf7-form-control wpcf7-textarea wpcf7-validates-as-required\" aria-required=\"true\" aria-invalid=\"false\" placeholder=\"Mesaj\u0131n\u0131z *\" name=\"message\"><\/textarea><\/span>\n\t\t\t\t<\/p>\n\t\t\t<\/div>\n\t\t\t<div class=\"input-group\">\n\t\t\t\t<p><button type=\"submit\" class=\"button size-lg icon_right\">G\u00d6NDER <i class=\"fa fa-chevron-right\"><\/i><\/button>\n\t\t\t\t<\/p>\n\t\t\t<\/div>\n\t\t<\/div>\n\t<\/div>\n<\/div><p style=\"display: none !important;\" class=\"akismet-fields-container\" data-prefix=\"_wpcf7_ak_\"><label>&#916;<textarea name=\"_wpcf7_ak_hp_textarea\" cols=\"45\" rows=\"8\" maxlength=\"100\"><\/textarea><\/label><input type=\"hidden\" id=\"ak_js_1\" name=\"_wpcf7_ak_js\" value=\"5\"\/><script>document.getElementById( \"ak_js_1\" ).setAttribute( \"value\", ( new Date() ).getTime() );<\/script><\/p><div class=\"wpcf7-response-output\" aria-hidden=\"true\"><\/div>\n<\/form>\n<\/div>\n[\/vc_column_inner][vc_column_inner offset=&#8221;vc_col-lg-4&#8243;][\/vc_column_inner][\/vc_row_inner][\/vc_tta_section][vc_tta_section title=&#8221;Di\u011fer \u00dclkeler&#8221; tab_id=&#8221;1452257567229-e5f623b2-41c0&#8243;][vc_row_inner][vc_column_inner][vc_custom_heading text=&#8221;Yurtd\u0131\u015f\u0131 temsilcimiz olmak ister misiniz ?&#8221; font_container=&#8221;tag:h4|text_align:left&#8221; use_theme_fonts=&#8221;yes&#8221;][vc_column_text]<\/p>\n<blockquote><p>A\u015fa\u011f\u0131daki formu doldurarak bize ula\u015f\u0131n.<\/p><\/blockquote>\n<p>[\/vc_column_text][vc_custom_heading text=&#8221;Ba\u015fvuru Formu&#8221; font_container=&#8221;tag:h4|text_align:left&#8221; use_theme_fonts=&#8221;yes&#8221; css=&#8221;.vc_custom_1601836818563{margin-bottom: 30px !important;}&#8221;]\n<div class=\"wpcf7 no-js\" id=\"wpcf7-f508-o2\" lang=\"en-US\" dir=\"ltr\" data-wpcf7-id=\"508\">\n<div class=\"screen-reader-response\"><p role=\"status\" aria-live=\"polite\" aria-atomic=\"true\"><\/p> <ul><\/ul><\/div>\n<form action=\"\/tr\/wp-json\/wp\/v2\/pages\/11#wpcf7-f508-o2\" method=\"post\" class=\"wpcf7-form init\" aria-label=\"Contact form\" novalidate=\"novalidate\" data-status=\"init\">\n<div style=\"display: none;\">\n<input type=\"hidden\" name=\"_wpcf7\" value=\"508\" \/>\n<input type=\"hidden\" name=\"_wpcf7_version\" value=\"6.0\" \/>\n<input type=\"hidden\" name=\"_wpcf7_locale\" value=\"en_US\" \/>\n<input type=\"hidden\" name=\"_wpcf7_unit_tag\" value=\"wpcf7-f508-o2\" \/>\n<input type=\"hidden\" name=\"_wpcf7_container_post\" value=\"0\" \/>\n<input type=\"hidden\" name=\"_wpcf7_posted_data_hash\" value=\"\" \/>\n<input type=\"hidden\" name=\"_wpcf7_recaptcha_response\" value=\"\" \/>\n<\/div>\n<div class=\"request_callback\">\n\t<div class=\"row\" style=\"margin: 0 -13px;\">\n\t\t<div class=\"col-lg-6 col-md-6 col-sm-6 col-xs-12\">\n\t\t\t<div class=\"input-group\">\n\t\t\t\t<p><span class=\"wpcf7-form-control-wrap\" data-name=\"text-name\"><input size=\"40\" maxlength=\"400\" class=\"wpcf7-form-control wpcf7-text wpcf7-validates-as-required\" aria-required=\"true\" aria-invalid=\"false\" placeholder=\"Ad\u0131n\u0131z Soyad\u0131n\u0131z *\" value=\"\" type=\"text\" name=\"text-name\" \/><\/span>\n\t\t\t\t<\/p>\n\t\t\t<\/div>\n\t\t\t<div class=\"input-group\">\n\t\t\t\t<p><span class=\"wpcf7-form-control-wrap\" data-name=\"email\"><input size=\"40\" maxlength=\"400\" class=\"wpcf7-form-control wpcf7-email wpcf7-validates-as-required wpcf7-text wpcf7-validates-as-email\" aria-required=\"true\" aria-invalid=\"false\" placeholder=\"E-mail *\" value=\"\" type=\"email\" name=\"email\" \/><\/span>\n\t\t\t\t<\/p>\n\t\t\t<\/div>\n\t\t\t<div class=\"input-group\">\n\t\t\t\t<p><span class=\"wpcf7-form-control-wrap\" data-name=\"phone\"><input size=\"40\" maxlength=\"400\" class=\"wpcf7-form-control wpcf7-tel wpcf7-validates-as-required wpcf7-text wpcf7-validates-as-tel\" aria-required=\"true\" aria-invalid=\"false\" placeholder=\"Telefon *\" value=\"\" type=\"tel\" name=\"phone\" \/><\/span>\n\t\t\t\t<\/p>\n\t\t\t<\/div>\n\t\t<\/div>\n\t\t<div class=\"col-lg-6 col-md-6 col-sm-6 col-xs-12\">\n\t\t\t<div class=\"input-group\">\n\t\t\t\t<p><span class=\"wpcf7-form-control-wrap\" data-name=\"message\"><textarea cols=\"40\" rows=\"10\" maxlength=\"2000\" class=\"wpcf7-form-control wpcf7-textarea wpcf7-validates-as-required\" aria-required=\"true\" aria-invalid=\"false\" placeholder=\"Mesaj\u0131n\u0131z *\" name=\"message\"><\/textarea><\/span>\n\t\t\t\t<\/p>\n\t\t\t<\/div>\n\t\t\t<div class=\"input-group\">\n\t\t\t\t<p><button type=\"submit\" class=\"button size-lg icon_right\">G\u00d6NDER <i class=\"fa fa-chevron-right\"><\/i><\/button>\n\t\t\t\t<\/p>\n\t\t\t<\/div>\n\t\t<\/div>\n\t<\/div>\n<\/div><p style=\"display: none !important;\" class=\"akismet-fields-container\" data-prefix=\"_wpcf7_ak_\"><label>&#916;<textarea name=\"_wpcf7_ak_hp_textarea\" cols=\"45\" rows=\"8\" maxlength=\"100\"><\/textarea><\/label><input type=\"hidden\" id=\"ak_js_2\" name=\"_wpcf7_ak_js\" value=\"226\"\/><script>document.getElementById( \"ak_js_2\" ).setAttribute( \"value\", ( new Date() ).getTime() );<\/script><\/p><div class=\"wpcf7-response-output\" aria-hidden=\"true\"><\/div>\n<\/form>\n<\/div>\n[\/vc_column_inner][\/vc_row_inner][\/vc_tta_section][\/vc_tta_tabs][\/vc_column][\/vc_row]<\/p>\n","protected":false},"excerpt":{"rendered":"<p>[vc_row css=&#8221;.vc_custom_1459507872760{margin-bottom: 101px !important;}&#8221;][vc_column][vc_tta_tabs shape=&#8221;square&#8221; spacing=&#8221;&#8221; active_section=&#8221;1&#8243; no_fill_content_area=&#8221;true&#8221; el_class=&#8221;theme_style&#8221;][vc_tta_section title=&#8221;T\u00fcrkiye Fabrika&#8221; tab_id=&#8221;1452509683679-b4680d19-a860&#8243;][vc_row_inner css=&#8221;.vc_custom_1452504967583{margin-bottom: 33px !important;}&#8221;][vc_column_inner offset=&#8221;vc_col-lg-5&#8243;][vc_gmaps link=&#8221;#E-8_JTNDaWZyYW1lJTIwc3JjJTNEJTIyaHR0cHMlM0ElMkYlMkZ3d3cuZ29vZ2xlLmNvbSUyRm1hcHMlMkZlbWJlZCUzRnBiJTNEJTIxMW0xOCUyMTFtMTIlMjExbTMlMjExZDczNS40NDQ4NjI1MzY0NDA1JTIxMmQyNy4zNDc3OTIwMzc0MzE3NiUyMTNkMzguNjMyNjI3NTY3NTM0NDg1JTIxMm0zJTIxMWYwJTIxMmYwJTIxM2YwJTIxM20yJTIxMWkxMDI0JTIxMmk3NjglMjE0ZjEzLjElMjEzbTMlMjExbTIlMjExczB4MTRiOTgzMjUxMTA3ZjFkOSUyNTNBMHhhZjFjODQxM2VlNzY4NWZmJTIxMnNNZXNod2VsZCUyMTVlMCUyMTNtMiUyMTFzdHIlMjEyc3RyJTIxNHYxNjc4NDI4MDczOTE2JTIxNW0yJTIxMXN0ciUyMTJzdHIlMjIlMjB3aWR0aCUzRCUyMjQ0NSUyMiUyMGhlaWdodCUzRCUyMjI4OSUyMiUyMHN0eWxlJTNEJTIyYm9yZGVyJTNBMCUzQiUyMiUyMGFsbG93ZnVsbHNjcmVlbiUzRCUyMiUyMiUyMGxvYWRpbmclM0QlMjJsYXp5JTIyJTIwcmVmZXJyZXJwb2xpY3klM0QlMjJuby1yZWZlcnJlci13aGVuLWRvd25ncmFkZSUyMiUzRSUzQyUyRmlmcmFtZSUzRQ==&#8221;][stm_spacing][vc_column_text]MESHWELD markas\u0131 SPD END\u00dcSTR\u0130YEL OTOMASYON \u015firketine aittir.[\/vc_column_text][\/vc_column_inner][vc_column_inner offset=&#8221;vc_col-lg-6&#8243;][stm_contacts_widget class=&#8221;overlay_3 color_white&#8221; phone=&#8221;+90 236 606 0 616&#8243; email=&#8221;info@meshweld.com&#8221; css=&#8221;.vc_custom_1602676519455{padding-top: 46px !important;padding-right: 30px !important;padding-bottom: 37px !important;padding-left: 30px !important;background-image: url(http:\/\/consulting.stylemixthemes.com\/demo\/wp-content\/uploads\/sites\/41\/2016\/06\/contact_us_block.jpg?id=4008) !important;background-position: center !important;background-repeat: no-repeat !important;background-size: cover !important;}&#8221; address=&#8221;Muradiye Osb. 17 Sk. No:33 45140<\/p>\n","protected":false},"author":1,"featured_media":0,"parent":9,"menu_order":0,"comment_status":"closed","ping_status":"closed","template":"","meta":{"footnotes":""},"class_list":["post-11","page","type-page","status-publish","hentry"],"yoast_head":"<!-- This site is optimized with the Yoast SEO plugin v23.8 - https:\/\/yoast.com\/wordpress\/plugins\/seo\/ -->\n<title>Wire Mesh Welding Machine - MESHWELD Machine Turkey<\/title>\n<meta name=\"description\" content=\"Wire mesh welding machine mesh weld welding machine and pre-feed unit manual or semi automatic and automatic turning stacking unit steel mesh\" \/>\n<meta name=\"robots\" content=\"index, follow, max-snippet:-1, max-image-preview:large, max-video-preview:-1\" \/>\n<link rel=\"canonical\" href=\"https:\/\/meshweld.com\/tr\/hakkimizda\/iletisim\/\" \/>\n<meta property=\"og:locale\" content=\"tr_TR\" \/>\n<meta property=\"og:type\" content=\"article\" \/>\n<meta property=\"og:title\" content=\"Wire Mesh Welding Machine - MESHWELD Machine Turkey\" \/>\n<meta property=\"og:description\" content=\"Wire mesh welding machine mesh weld welding machine and pre-feed unit manual or semi automatic and automatic turning stacking unit steel mesh\" \/>\n<meta property=\"og:url\" content=\"https:\/\/meshweld.com\/tr\/hakkimizda\/iletisim\/\" \/>\n<meta property=\"og:site_name\" content=\"MESHWELD\" \/>\n<meta property=\"article:publisher\" content=\"https:\/\/www.facebook.com\/meshweld\" \/>\n<meta property=\"article:modified_time\" content=\"2023-03-10T06:01:58+00:00\" \/>\n<meta name=\"twitter:card\" content=\"summary_large_image\" \/>\n<meta name=\"twitter:label1\" content=\"Tahmini okuma s\u00fcresi\" \/>\n\t<meta name=\"twitter:data1\" content=\"1 dakika\" \/>\n<script type=\"application\/ld+json\" class=\"yoast-schema-graph\">{\"@context\":\"https:\/\/schema.org\",\"@graph\":[{\"@type\":\"WebPage\",\"@id\":\"https:\/\/meshweld.com\/tr\/hakkimizda\/iletisim\/\",\"url\":\"https:\/\/meshweld.com\/tr\/hakkimizda\/iletisim\/\",\"name\":\"Wire Mesh Welding Machine - MESHWELD Machine Turkey\",\"isPartOf\":{\"@id\":\"https:\/\/meshweld.com\/#website\"},\"datePublished\":\"2015-12-15T05:37:48+00:00\",\"dateModified\":\"2023-03-10T06:01:58+00:00\",\"description\":\"Wire mesh welding machine mesh weld welding machine and pre-feed unit manual or semi automatic and automatic turning stacking unit steel mesh\",\"breadcrumb\":{\"@id\":\"https:\/\/meshweld.com\/tr\/hakkimizda\/iletisim\/#breadcrumb\"},\"inLanguage\":\"tr\",\"potentialAction\":[{\"@type\":\"ReadAction\",\"target\":[\"https:\/\/meshweld.com\/tr\/hakkimizda\/iletisim\/\"]}]},{\"@type\":\"BreadcrumbList\",\"@id\":\"https:\/\/meshweld.com\/tr\/hakkimizda\/iletisim\/#breadcrumb\",\"itemListElement\":[{\"@type\":\"ListItem\",\"position\":1,\"name\":\"Home\",\"item\":\"https:\/\/meshweld.com\/tr\/\"},{\"@type\":\"ListItem\",\"position\":2,\"name\":\"Hakk\u0131m\u0131zda\",\"item\":\"https:\/\/meshweld.com\/tr\/hakkimizda\/\"},{\"@type\":\"ListItem\",\"position\":3,\"name\":\"\u0130leti\u015fim\"}]},{\"@type\":\"WebSite\",\"@id\":\"https:\/\/meshweld.com\/#website\",\"url\":\"https:\/\/meshweld.com\/\",\"name\":\"Meshweld\",\"description\":\"Mesh Welding Machine\",\"publisher\":{\"@id\":\"https:\/\/meshweld.com\/#organization\"},\"potentialAction\":[{\"@type\":\"SearchAction\",\"target\":{\"@type\":\"EntryPoint\",\"urlTemplate\":\"https:\/\/meshweld.com\/?s={search_term_string}\"},\"query-input\":{\"@type\":\"PropertyValueSpecification\",\"valueRequired\":true,\"valueName\":\"search_term_string\"}}],\"inLanguage\":\"tr\"},{\"@type\":\"Organization\",\"@id\":\"https:\/\/meshweld.com\/#organization\",\"name\":\"Meshweld - Wire Mesh Welding Machines\",\"url\":\"https:\/\/meshweld.com\/\",\"logo\":{\"@type\":\"ImageObject\",\"inLanguage\":\"tr\",\"@id\":\"https:\/\/meshweld.com\/#\/schema\/logo\/image\/\",\"url\":\"https:\/\/meshweld.com\/wp-content\/uploads\/meshweld-logo-blue.jpg\",\"contentUrl\":\"https:\/\/meshweld.com\/wp-content\/uploads\/meshweld-logo-blue.jpg\",\"width\":423,\"height\":356,\"caption\":\"Meshweld - Wire Mesh Welding Machines\"},\"image\":{\"@id\":\"https:\/\/meshweld.com\/#\/schema\/logo\/image\/\"},\"sameAs\":[\"https:\/\/www.facebook.com\/meshweld\",\"https:\/\/www.instagram.com\/meshweld\/\",\"https:\/\/www.linkedin.com\/company\/meshweld\/\",\"https:\/\/www.youtube.com\/channel\/UC37WTuCJ5oQzh-j1rCiH4nQ\/videos\"]}]}<\/script>\n<!-- \/ Yoast SEO plugin. -->","yoast_head_json":{"title":"Wire Mesh Welding Machine - MESHWELD Machine Turkey","description":"Wire mesh welding machine mesh weld welding machine and pre-feed unit manual or semi automatic and automatic turning stacking unit steel mesh","robots":{"index":"index","follow":"follow","max-snippet":"max-snippet:-1","max-image-preview":"max-image-preview:large","max-video-preview":"max-video-preview:-1"},"canonical":"https:\/\/meshweld.com\/tr\/hakkimizda\/iletisim\/","og_locale":"tr_TR","og_type":"article","og_title":"Wire Mesh Welding Machine - MESHWELD Machine Turkey","og_description":"Wire mesh welding machine mesh weld welding machine and pre-feed unit manual or semi automatic and automatic turning stacking unit steel mesh","og_url":"https:\/\/meshweld.com\/tr\/hakkimizda\/iletisim\/","og_site_name":"MESHWELD","article_publisher":"https:\/\/www.facebook.com\/meshweld","article_modified_time":"2023-03-10T06:01:58+00:00","twitter_card":"summary_large_image","twitter_misc":{"Tahmini okuma s\u00fcresi":"1 dakika"},"schema":{"@context":"https:\/\/schema.org","@graph":[{"@type":"WebPage","@id":"https:\/\/meshweld.com\/tr\/hakkimizda\/iletisim\/","url":"https:\/\/meshweld.com\/tr\/hakkimizda\/iletisim\/","name":"Wire Mesh Welding Machine - MESHWELD Machine Turkey","isPartOf":{"@id":"https:\/\/meshweld.com\/#website"},"datePublished":"2015-12-15T05:37:48+00:00","dateModified":"2023-03-10T06:01:58+00:00","description":"Wire mesh welding machine mesh weld welding machine and pre-feed unit manual or semi automatic and automatic turning stacking unit steel mesh","breadcrumb":{"@id":"https:\/\/meshweld.com\/tr\/hakkimizda\/iletisim\/#breadcrumb"},"inLanguage":"tr","potentialAction":[{"@type":"ReadAction","target":["https:\/\/meshweld.com\/tr\/hakkimizda\/iletisim\/"]}]},{"@type":"BreadcrumbList","@id":"https:\/\/meshweld.com\/tr\/hakkimizda\/iletisim\/#breadcrumb","itemListElement":[{"@type":"ListItem","position":1,"name":"Home","item":"https:\/\/meshweld.com\/tr\/"},{"@type":"ListItem","position":2,"name":"Hakk\u0131m\u0131zda","item":"https:\/\/meshweld.com\/tr\/hakkimizda\/"},{"@type":"ListItem","position":3,"name":"\u0130leti\u015fim"}]},{"@type":"WebSite","@id":"https:\/\/meshweld.com\/#website","url":"https:\/\/meshweld.com\/","name":"Meshweld","description":"Mesh Welding Machine","publisher":{"@id":"https:\/\/meshweld.com\/#organization"},"potentialAction":[{"@type":"SearchAction","target":{"@type":"EntryPoint","urlTemplate":"https:\/\/meshweld.com\/?s={search_term_string}"},"query-input":{"@type":"PropertyValueSpecification","valueRequired":true,"valueName":"search_term_string"}}],"inLanguage":"tr"},{"@type":"Organization","@id":"https:\/\/meshweld.com\/#organization","name":"Meshweld - Wire Mesh Welding Machines","url":"https:\/\/meshweld.com\/","logo":{"@type":"ImageObject","inLanguage":"tr","@id":"https:\/\/meshweld.com\/#\/schema\/logo\/image\/","url":"https:\/\/meshweld.com\/wp-content\/uploads\/meshweld-logo-blue.jpg","contentUrl":"https:\/\/meshweld.com\/wp-content\/uploads\/meshweld-logo-blue.jpg","width":423,"height":356,"caption":"Meshweld - Wire Mesh Welding Machines"},"image":{"@id":"https:\/\/meshweld.com\/#\/schema\/logo\/image\/"},"sameAs":["https:\/\/www.facebook.com\/meshweld","https:\/\/www.instagram.com\/meshweld\/","https:\/\/www.linkedin.com\/company\/meshweld\/","https:\/\/www.youtube.com\/channel\/UC37WTuCJ5oQzh-j1rCiH4nQ\/videos"]}]}},"jetpack_sharing_enabled":true,"_links":{"self":[{"href":"https:\/\/meshweld.com\/tr\/wp-json\/wp\/v2\/pages\/11","targetHints":{"allow":["GET"]}}],"collection":[{"href":"https:\/\/meshweld.com\/tr\/wp-json\/wp\/v2\/pages"}],"about":[{"href":"https:\/\/meshweld.com\/tr\/wp-json\/wp\/v2\/types\/page"}],"author":[{"embeddable":true,"href":"https:\/\/meshweld.com\/tr\/wp-json\/wp\/v2\/users\/1"}],"replies":[{"embeddable":true,"href":"https:\/\/meshweld.com\/tr\/wp-json\/wp\/v2\/comments?post=11"}],"version-history":[{"count":13,"href":"https:\/\/meshweld.com\/tr\/wp-json\/wp\/v2\/pages\/11\/revisions"}],"predecessor-version":[{"id":11867,"href":"https:\/\/meshweld.com\/tr\/wp-json\/wp\/v2\/pages\/11\/revisions\/11867"}],"up":[{"embeddable":true,"href":"https:\/\/meshweld.com\/tr\/wp-json\/wp\/v2\/pages\/9"}],"wp:attachment":[{"href":"https:\/\/meshweld.com\/tr\/wp-json\/wp\/v2\/media?parent=11"}],"curies":[{"name":"wp","href":"https:\/\/api.w.org\/{rel}","templated":true}]}}